{"id":1459,"date":"2026-02-09T06:54:01","date_gmt":"2026-02-09T06:54:01","guid":{"rendered":"https:\/\/slotrizecasino.org\/login-and-registration\/"},"modified":"2026-02-09T11:39:03","modified_gmt":"2026-02-09T11:39:03","slug":"accesso-e-registrazione","status":"publish","type":"page","link":"https:\/\/slotrizecasino.org\/it\/accesso-e-registrazione\/","title":{"rendered":"Accesso e registrazione"},"content":{"rendered":"<h1>Accesso, registrazione e gestione dell&#8217;account Slotrize<\/h1>\n<p>Il Slotrize login sistema \u00e8 molto semplice: inserisci le tue informazioni, premi invio e il gioco \u00e8 fatto. Una volta superata la schermata di accesso, i giocatori italiani hanno a disposizione tutto ci\u00f2 che serve: migliaia di giochi, tutte le promozioni in corso, la cronologia completa delle transazioni e tutti gli strumenti necessari per la gestione dell&#8217;account.<\/p>\n<p><div class=\"banner-wrap\" aria-label=\"Banner\"><img src=\"https:\/\/slotrizecasino.org\/wp-content\/uploads\/2026\/02\/Desktop-banner-scaled-1.webp\" class=\"w-100 d-none d-lg-block img-pc main-banner-img\" alt=\"Desktop banner scaled\" fetchpriority=\"high\" decoding=\"async\"><img src=\"https:\/\/slotrizecasino.org\/wp-content\/uploads\/2026\/02\/Mobile-banner.webp\" class=\"w-100 d-none d-md-block d-lg-none main-banner-img\" alt=\"Mobile banner\" fetchpriority=\"high\" decoding=\"async\"><img src=\"https:\/\/slotrizecasino.org\/wp-content\/uploads\/2026\/02\/Mobile-banner.webp\" class=\"w-100 d-md-none\" alt=\"Mobile banner\" fetchpriority=\"high\" decoding=\"async\"><div class=\"banner-description\">\n<div class=\"banner-title\">Bonus di benvenuto<\/div>\n<p class=\"banner-header-title\">1500 \u20ac<\/p>\n<div class=\"banner-header-AdditionalText\">+ 150 Giri gratuiti<\/div>\n<button data-item=\"homepage_banner_link\" class=\"goto m-button m-gradient-border m-button--primary m-button--large banner-button btn-orange\">\n            <div class=\"m-button-content\">\n                <span>Iscriviti ora<\/span>\n                <span><\/span>\n            <\/div>\n        <\/button>\n<\/div>\n<div class=\"WelcomePack\">\n<p><img loading=\"lazy\" decoding=\"async\" class=\"alignnone size-full wp-image-1515\" src=\"https:\/\/slotrizecasino.org\/wp-content\/uploads\/welcome-crown.svg\" alt=\"welcome crown\" width=\"25\" height=\"26\" \/><\/p>\n<div class=\"WelcomePack-Info\">Cashback settimanale fino al 25%<\/div>\n<p><img loading=\"lazy\" decoding=\"async\" class=\"alignnone size-full wp-image-1515\" src=\"https:\/\/slotrizecasino.org\/wp-content\/uploads\/welcome-crown.svg\" alt=\"welcome crown\" width=\"25\" height=\"26\" \/><\/p>\n<\/div>\n<\/div><div class=\"scrollable-content-wrap my-5\"><div class=\"scrollable-content-inner\"><h2>Registrazione di un nuovo utente su Slot Rize<\/h2>\n<p>La registrazione su Slotrize ti sblocca l&#8217;intera piattaforma. Dopo averla completata, avrai accesso a una vasta libreria di giochi che continua ad espandersi con nuove slot, giochi da tavolo e azioni con croupier dal vivo. Le promozioni si sbloccano, i tornei diventano disponibili e inizi ad accumulare punti fedelt\u00e0 dalla tua prima scommessa. Slotrize Casino segue le regole del gioco responsabile, quindi devi avere almeno 18 anni per registrarti, come \u00e8 standard su qualsiasi piattaforma legittima.<\/p>\n<h3>Crea il tuo account<\/h3>\n<p>La registrazione su Slotrize richiede pi\u00f9 o meno lo stesso tempo che ordinare un caff\u00e8. Su Slot Rize Casino ti chiediamo il tuo indirizzo e-mail, una password e alcuni dati personali di base. Non dovrai compilare lunghi moduli e non ci sono strani passaggi di verifica da superare.<\/p>\n<p>Il tuo account \u00e8 dotato di strumenti per impostare limiti di gioco personali, tenere traccia delle tue spese e utilizzare funzioni di gioco responsabile che ti aiutano a mantenere tutto sotto controllo. La dashboard riunisce tutto in modo logico.<\/p>\n<h2>Gestione di un account Slotrize<\/h2>\n<p>Il login a Slotrize segue il solito schema:<\/p>\n<ol>\n<li>Individua la casella di login in alto a destra nella homepage.<\/li>\n<li>Inserisci l&#8217;indirizzo e-mail e la password registrati, facendo attenzione agli errori di battitura che ovviamente comprometterebbero il tuo tentativo di accesso a Slotrize.<\/li>\n<li>Clicca sul pulsante di accesso.<\/li>\n<\/ol>\n<p>Dopo aver effettuato correttamente l&#8217;accesso a Slot Rize, la dashboard mostra tutto in modo chiaro. Le opzioni di deposito, la cronologia dei bonus, i prelievi in sospeso, i limiti di gioco e i registri delle transazioni sono tutti organizzati in sezioni. Se desideri una maggiore sicurezza, \u00e8 disponibile l&#8217;autenticazione a due fattori.<\/p>\n<h3>Hai dimenticato la password?<\/h3>\n<p>Se hai dimenticato la password, clicca sul pulsante &#8220;Hai dimenticato la password?&#8221; e segui la procedura di recupero. Riceverai un&#8217;e-mail di reimpostazione, clicca sul link e scegli una nuova password. Scegli una password complessa che combini lettere, numeri e simboli. L&#8217;intero processo richiede dai tre ai cinque minuti dall&#8217;inizio alla fine. Una volta impostata la nuova password, potrai accedere immediatamente utilizzando le nuove credenziali.<\/p>\n<h3>Verifica dell&#8217;account e misure di sicurezza di Slotrize Casino<\/h3>\n<p>Prima che Slot Rize elabori qualsiasi prelievo, dobbiamo verificare il tuo account. Ci\u00f2 significa inviare documenti ufficiali che provino la tua identit\u00e0, et\u00e0 e luogo di residenza. Un documento d&#8217;identit\u00e0 rilasciato dal governo copre la parte relativa all&#8217;identit\u00e0. Una bolletta recente o un estratto conto bancario servono per confermare l&#8217;indirizzo.<\/p>\n<p>I documenti devono essere leggibili, non alterati e aggiornati. Puoi nascondere le singole transazioni e il tuo saldo: Slotrize Casino ha solo bisogno che il tuo nome e indirizzo siano visibili. Il processo di verifica di solito si conclude entro 48 ore dall&#8217;invio di tutti i documenti. Il team di assistenza gestisce queste revisioni con un supporto multilingue, quindi le differenze linguistiche non rallentano le operazioni.<\/p>\n<p>Se la verifica richiede pi\u00f9 tempo del previsto o se ti stai chiedendo cosa sta succedendo, contattando la live chat o inviando un&#8217;e-mail otterrai rapidamente risposte concrete. L&#8217;intera procedura di verifica esiste per motivi legali e per proteggere il tuo account da prelievi fraudolenti. La verifica dell&#8217;account non \u00e8 l&#8217;unica misura di sicurezza utilizzata da Slotrize.<\/p>\n<table>\n<tbody>\n<tr>\n<td>Funzionalit\u00e0 di sicurezza<\/td>\n<td>Cosa fa<\/td>\n<\/tr>\n<tr>\n<td>Autenticazione a due fattori<\/td>\n<td>Ti richiede di inserire un codice secondario durante il login su Slotrize, che ti viene inviato sul telefono o via e-mail<\/td>\n<\/tr>\n<tr>\n<td>Verifica dei documenti<\/td>\n<td>Conferma la tua identit\u00e0 tramite documenti ufficiali prima di autorizzare i prelievi<\/td>\n<\/tr>\n<tr>\n<td>Monitoraggio dell&#8217;attivit\u00e0<\/td>\n<td>Controlla i tuoi modelli di accesso e segnala automaticamente qualsiasi anomalia<\/td>\n<\/tr>\n<\/tbody>\n<\/table>\n<h2>FAQ<\/h2>\n<h3>Come posso aggiornare la mia password o il mio indirizzo e-mail?<\/h3>\n<p>La modifica della password o dell&#8217;indirizzo e-mail avviene tramite le impostazioni dell&#8217;account, che troverai dopo aver effettuato l&#8217;accesso a Slotrize. Vai alla sezione del tuo profilo o della gestione dell&#8217;account, solitamente indicata in modo abbastanza chiaro nel menu della dashboard. Per modificare la password, dovrai prima inserire quella attuale, quindi digitare due volte quella nuova per confermare che non hai commesso errori di battitura. Scegli una password complessa che non stai riutilizzando su altri siti.<\/p>\n<p>L&#8217;aggiornamento dell&#8217;indirizzo e-mail segue un percorso simile attraverso le impostazioni dell&#8217;account. Inserisci il nuovo indirizzo e-mail e Slotrize Casino invier\u00e0 un link di verifica a quell&#8217;indirizzo per confermare che ne sei effettivamente il proprietario. Clicca su quel link e la modifica sar\u00e0 completata.<\/p>\n<h3>Cosa devo fare se il mio account \u00e8 bloccato?<\/h3>\n<p>Non farti prendere dal panico e contatta il team di assistenza tramite la chat live, se riesci ad accedervi, oppure invia un&#8217;e-mail al nostro indirizzo di assistenza se la chat live non \u00e8 disponibile mentre sei bloccato.<\/p>\n<p>Il team di assistenza ti chieder\u00e0 di verificare la tua identit\u00e0, probabilmente con alcune domande di sicurezza sul tuo account e, se il blocco sembra essere correlato al processo di verifica, potrebbe richiederti dei documenti. Una volta confermato che sei effettivamente tu e non qualcuno che sta cercando di accedere al tuo account, il team indagher\u00e0 su cosa ha causato il blocco e ripristiner\u00e0 il tuo accesso.<\/p>\n<\/div><\/div><\/p>\n","protected":false},"excerpt":{"rendered":"<p>Accesso, registrazione e gestione dell&#8217;account Slotrize Il Slotrize login sistema \u00e8 molto semplice: inserisci le tue informazioni, premi invio e il gioco \u00e8 fatto. Una volta superata la schermata di accesso, i giocatori italiani hanno a disposizione tutto ci\u00f2 che serve: migliaia di giochi, tutte le promozioni in corso, la cronologia completa delle transazioni e [&hellip;]<\/p>\n","protected":false},"author":11,"featured_media":0,"parent":0,"menu_order":0,"comment_status":"closed","ping_status":"closed","template":"template-builder.php","meta":{"_acf_changed":false,"inline_featured_image":false,"footnotes":""},"class_list":["post-1459","page","type-page","status-publish","hentry"],"acf":[],"yoast_head":"<!-- This site is optimized with the Yoast SEO plugin v24.4 - https:\/\/yoast.com\/wordpress\/plugins\/seo\/ -->\n<title>Slotrize Login \u2013 Registrazione e gestione dell&#039;account<\/title>\n<meta name=\"description\" content=\"Crea, gestisci e verifica facilmente il tuo account Slotrize Casino con registrazione rapida, recupero account senza interruzioni e chiusura account sicura, garantendo protezione 24 ore su 24, 7 giorni su 7 tramite Slotrize Login.\" \/>\n<meta name=\"robots\" content=\"index, follow, max-snippet:-1, max-image-preview:large, max-video-preview:-1\" \/>\n<link rel=\"canonical\" href=\"https:\/\/slotrizecasino.org\/it\/accesso-e-registrazione\/\" \/>\n<meta property=\"og:locale\" content=\"it_IT\" \/>\n<meta property=\"og:type\" content=\"article\" \/>\n<meta property=\"og:title\" content=\"Slotrize Login \u2013 Registrazione e gestione dell&#039;account\" \/>\n<meta property=\"og:description\" content=\"Crea, gestisci e verifica facilmente il tuo account Slotrize Casino con registrazione rapida, recupero account senza interruzioni e chiusura account sicura, garantendo protezione 24 ore su 24, 7 giorni su 7 tramite Slotrize Login.\" \/>\n<meta property=\"og:url\" content=\"https:\/\/slotrizecasino.org\/it\/accesso-e-registrazione\/\" \/>\n<meta property=\"og:site_name\" content=\"Slotrize\" \/>\n<meta property=\"article:modified_time\" content=\"2026-02-09T11:39:03+00:00\" \/>\n<meta name=\"twitter:card\" content=\"summary_large_image\" \/>\n<meta name=\"twitter:label1\" content=\"Est. reading time\" \/>\n\t<meta name=\"twitter:data1\" content=\"1 minuto\" \/>\n<script type=\"application\/ld+json\" class=\"yoast-schema-graph\">{\"@context\":\"https:\/\/schema.org\",\"@graph\":[{\"@type\":\"WebPage\",\"@id\":\"https:\/\/slotrizecasino.org\/it\/accesso-e-registrazione\/\",\"url\":\"https:\/\/slotrizecasino.org\/it\/accesso-e-registrazione\/\",\"name\":\"Slotrize Login \u2013 Registrazione e gestione dell'account\",\"isPartOf\":{\"@id\":\"https:\/\/slotrizecasino.org\/it\/#website\"},\"datePublished\":\"2026-02-09T06:54:01+00:00\",\"dateModified\":\"2026-02-09T11:39:03+00:00\",\"description\":\"Crea, gestisci e verifica facilmente il tuo account Slotrize Casino con registrazione rapida, recupero account senza interruzioni e chiusura account sicura, garantendo protezione 24 ore su 24, 7 giorni su 7 tramite Slotrize Login.\",\"breadcrumb\":{\"@id\":\"https:\/\/slotrizecasino.org\/it\/accesso-e-registrazione\/#breadcrumb\"},\"inLanguage\":\"it-IT\",\"potentialAction\":[{\"@type\":\"ReadAction\",\"target\":[\"https:\/\/slotrizecasino.org\/it\/accesso-e-registrazione\/\"]}]},{\"@type\":\"BreadcrumbList\",\"@id\":\"https:\/\/slotrizecasino.org\/it\/accesso-e-registrazione\/#breadcrumb\",\"itemListElement\":[{\"@type\":\"ListItem\",\"position\":1,\"name\":\"Slotrize\",\"item\":\"https:\/\/slotrizecasino.org\/it\/\"},{\"@type\":\"ListItem\",\"position\":2,\"name\":\"Accesso e registrazione\"}]},{\"@type\":\"WebSite\",\"@id\":\"https:\/\/slotrizecasino.org\/it\/#website\",\"url\":\"https:\/\/slotrizecasino.org\/it\/\",\"name\":\"Slotrize\",\"description\":\"\",\"publisher\":{\"@id\":\"https:\/\/slotrizecasino.org\/it\/#organization\"},\"potentialAction\":[{\"@type\":\"SearchAction\",\"target\":{\"@type\":\"EntryPoint\",\"urlTemplate\":\"https:\/\/slotrizecasino.org\/it\/?s={search_term_string}\"},\"query-input\":{\"@type\":\"PropertyValueSpecification\",\"valueRequired\":true,\"valueName\":\"search_term_string\"}}],\"inLanguage\":\"it-IT\"},{\"@type\":\"Organization\",\"@id\":\"https:\/\/slotrizecasino.org\/it\/#organization\",\"name\":\"Slotrize\",\"url\":\"https:\/\/slotrizecasino.org\/it\/\",\"logo\":{\"@type\":\"ImageObject\",\"inLanguage\":\"it-IT\",\"@id\":\"https:\/\/slotrizecasino.org\/it\/#\/schema\/logo\/image\/\",\"url\":\"https:\/\/slotrizecasino.org\/wp-content\/uploads\/2026\/02\/Slotrize-logo.svg\",\"contentUrl\":\"https:\/\/slotrizecasino.org\/wp-content\/uploads\/2026\/02\/Slotrize-logo.svg\",\"width\":54,\"height\":27,\"caption\":\"Slotrize\"},\"image\":{\"@id\":\"https:\/\/slotrizecasino.org\/it\/#\/schema\/logo\/image\/\"}}]}<\/script>\n<!-- \/ Yoast SEO plugin. -->","yoast_head_json":{"title":"Slotrize Login \u2013 Registrazione e gestione dell'account","description":"Crea, gestisci e verifica facilmente il tuo account Slotrize Casino con registrazione rapida, recupero account senza interruzioni e chiusura account sicura, garantendo protezione 24 ore su 24, 7 giorni su 7 tramite Slotrize Login.","robots":{"index":"index","follow":"follow","max-snippet":"max-snippet:-1","max-image-preview":"max-image-preview:large","max-video-preview":"max-video-preview:-1"},"canonical":"https:\/\/slotrizecasino.org\/it\/accesso-e-registrazione\/","og_locale":"it_IT","og_type":"article","og_title":"Slotrize Login \u2013 Registrazione e gestione dell'account","og_description":"Crea, gestisci e verifica facilmente il tuo account Slotrize Casino con registrazione rapida, recupero account senza interruzioni e chiusura account sicura, garantendo protezione 24 ore su 24, 7 giorni su 7 tramite Slotrize Login.","og_url":"https:\/\/slotrizecasino.org\/it\/accesso-e-registrazione\/","og_site_name":"Slotrize","article_modified_time":"2026-02-09T11:39:03+00:00","twitter_card":"summary_large_image","twitter_misc":{"Est. reading time":"1 minuto"},"schema":{"@context":"https:\/\/schema.org","@graph":[{"@type":"WebPage","@id":"https:\/\/slotrizecasino.org\/it\/accesso-e-registrazione\/","url":"https:\/\/slotrizecasino.org\/it\/accesso-e-registrazione\/","name":"Slotrize Login \u2013 Registrazione e gestione dell'account","isPartOf":{"@id":"https:\/\/slotrizecasino.org\/it\/#website"},"datePublished":"2026-02-09T06:54:01+00:00","dateModified":"2026-02-09T11:39:03+00:00","description":"Crea, gestisci e verifica facilmente il tuo account Slotrize Casino con registrazione rapida, recupero account senza interruzioni e chiusura account sicura, garantendo protezione 24 ore su 24, 7 giorni su 7 tramite Slotrize Login.","breadcrumb":{"@id":"https:\/\/slotrizecasino.org\/it\/accesso-e-registrazione\/#breadcrumb"},"inLanguage":"it-IT","potentialAction":[{"@type":"ReadAction","target":["https:\/\/slotrizecasino.org\/it\/accesso-e-registrazione\/"]}]},{"@type":"BreadcrumbList","@id":"https:\/\/slotrizecasino.org\/it\/accesso-e-registrazione\/#breadcrumb","itemListElement":[{"@type":"ListItem","position":1,"name":"Slotrize","item":"https:\/\/slotrizecasino.org\/it\/"},{"@type":"ListItem","position":2,"name":"Accesso e registrazione"}]},{"@type":"WebSite","@id":"https:\/\/slotrizecasino.org\/it\/#website","url":"https:\/\/slotrizecasino.org\/it\/","name":"Slotrize","description":"","publisher":{"@id":"https:\/\/slotrizecasino.org\/it\/#organization"},"potentialAction":[{"@type":"SearchAction","target":{"@type":"EntryPoint","urlTemplate":"https:\/\/slotrizecasino.org\/it\/?s={search_term_string}"},"query-input":{"@type":"PropertyValueSpecification","valueRequired":true,"valueName":"search_term_string"}}],"inLanguage":"it-IT"},{"@type":"Organization","@id":"https:\/\/slotrizecasino.org\/it\/#organization","name":"Slotrize","url":"https:\/\/slotrizecasino.org\/it\/","logo":{"@type":"ImageObject","inLanguage":"it-IT","@id":"https:\/\/slotrizecasino.org\/it\/#\/schema\/logo\/image\/","url":"https:\/\/slotrizecasino.org\/wp-content\/uploads\/2026\/02\/Slotrize-logo.svg","contentUrl":"https:\/\/slotrizecasino.org\/wp-content\/uploads\/2026\/02\/Slotrize-logo.svg","width":54,"height":27,"caption":"Slotrize"},"image":{"@id":"https:\/\/slotrizecasino.org\/it\/#\/schema\/logo\/image\/"}}]}},"_links":{"self":[{"href":"https:\/\/slotrizecasino.org\/it\/wp-json\/wp\/v2\/pages\/1459"}],"collection":[{"href":"https:\/\/slotrizecasino.org\/it\/wp-json\/wp\/v2\/pages"}],"about":[{"href":"https:\/\/slotrizecasino.org\/it\/wp-json\/wp\/v2\/types\/page"}],"author":[{"embeddable":true,"href":"https:\/\/slotrizecasino.org\/it\/wp-json\/wp\/v2\/users\/11"}],"replies":[{"embeddable":true,"href":"https:\/\/slotrizecasino.org\/it\/wp-json\/wp\/v2\/comments?post=1459"}],"version-history":[{"count":2,"href":"https:\/\/slotrizecasino.org\/it\/wp-json\/wp\/v2\/pages\/1459\/revisions"}],"predecessor-version":[{"id":1697,"href":"https:\/\/slotrizecasino.org\/it\/wp-json\/wp\/v2\/pages\/1459\/revisions\/1697"}],"wp:attachment":[{"href":"https:\/\/slotrizecasino.org\/it\/wp-json\/wp\/v2\/media?parent=1459"}],"curies":[{"name":"wp","href":"https:\/\/api.w.org\/{rel}","templated":true}]}}