{"id":1419,"date":"2026-02-06T15:05:04","date_gmt":"2026-02-06T15:05:04","guid":{"rendered":"https:\/\/slotrizecasino.org\/app\/"},"modified":"2026-02-09T14:07:13","modified_gmt":"2026-02-09T14:07:13","slug":"applicazione","status":"publish","type":"page","link":"https:\/\/slotrizecasino.org\/it\/applicazione\/","title":{"rendered":"Applicazione"},"content":{"rendered":"<h1>Slot Rize sui dispositivi mobili<\/h1>\n<p>Slotrize App \u00e8 una piattaforma di casin\u00f2 mobile che ti d\u00e0 accesso a migliaia di slot online, giochi con croupier dal vivo e tutto il resto senza farti sentire come se ti stessi accontentando di una versione mobile annacquata. I giocatori italiani ottengono il meglio, ottimizzato per qualsiasi telefono o tablet tu abbia tra le mani.<\/p>\n<div class=\"banner-wrap\" aria-label=\"Banner\"><img src=\"https:\/\/slotrizecasino.org\/wp-content\/uploads\/2026\/02\/Desktop-banner-scaled-1.webp\" class=\"w-100 d-none d-lg-block img-pc main-banner-img\" alt=\"Desktop banner scaled\" fetchpriority=\"high\" decoding=\"async\"><img src=\"https:\/\/slotrizecasino.org\/wp-content\/uploads\/2026\/02\/Mobile-banner.webp\" class=\"w-100 d-none d-md-block d-lg-none main-banner-img\" alt=\"Mobile banner\" fetchpriority=\"high\" decoding=\"async\"><img src=\"https:\/\/slotrizecasino.org\/wp-content\/uploads\/2026\/02\/Mobile-banner.webp\" class=\"w-100 d-md-none\" alt=\"Mobile banner\" fetchpriority=\"high\" decoding=\"async\"><div class=\"banner-description\">\n<div class=\"banner-title\">Bonus di benvenuto<\/div>\n<p class=\"banner-header-title\">1500 \u20ac<\/p>\n<div class=\"banner-header-AdditionalText\">+ 150 Giri gratuiti<\/div>\n<button data-item=\"homepage_banner_link\" class=\"goto m-button m-gradient-border m-button--primary m-button--large banner-button btn-orange\">\n            <div class=\"m-button-content\">\n                <span>Iscriviti ora<\/span>\n                <span><\/span>\n            <\/div>\n        <\/button>\n<\/div>\n<div class=\"WelcomePack\">\n<p><img loading=\"lazy\" decoding=\"async\" class=\"alignnone size-full wp-image-1515\" src=\"https:\/\/slotrizecasino.org\/wp-content\/uploads\/welcome-crown.svg\" alt=\"welcome crown\" width=\"25\" height=\"26\" \/><\/p>\n<div class=\"WelcomePack-Info\">Cashback settimanale fino al 25%<\/div>\n<p><img loading=\"lazy\" decoding=\"async\" class=\"alignnone size-full wp-image-1515\" src=\"https:\/\/slotrizecasino.org\/wp-content\/uploads\/welcome-crown.svg\" alt=\"welcome crown\" width=\"25\" height=\"26\" \/><\/p>\n<\/div>\n<\/div>\n<h2>Opzioni di accesso mobile a SlotRize<\/h2>\n<p>Slotrize utilizza la tecnologia delle applicazioni web progressive: in pratica, puoi accedere immediatamente senza che il tuo telefono sia appesantito da un&#8217;applicazione ingombrante.<\/p>\n<p>Gli aggiornamenti avvengono in background mentre fai altre cose. Le patch di sicurezza si installano automaticamente. La tua esperienza di gioco su Slot Rize rimane fluida, indipendentemente dal fatto che tu stia utilizzando l&#8217;ultimo modello di telefono o un dispositivo che hai da qualche anno.<\/p>\n<p>Tutto si sincronizza automaticamente tra i tuoi dispositivi. Inizia a giocare sul tuo laptop durante la pausa pranzo, tira fuori il telefono sul treno mentre torni a casa e riprendi esattamente da dove avevi interrotto. Slotrize Casino gestisce tutta la sincronizzazione in modo invisibile, cos\u00ec puoi concentrarti sul gioco invece che sulla gestione dei dettagli tecnici.<\/p>\n<p>Trovare i giochi non richiede nemmeno una caccia al tesoro. La libreria \u00e8 intuitiva fin dal momento in cui la apri. Le tue slot online preferite appaiono rapidamente. Le notifiche push ti informano sulle nuove promozioni e, quando qualcosa va storto, il team di assistenza dell&#8217;app Slotrize risponde tramite live chat abbastanza rapidamente, cos\u00ec non rimani in attesa per ore.<\/p>\n<p><div class=\"scrollable-content-wrap my-5\"><div class=\"scrollable-content-inner\"><h2>App Slotrize per iOS<\/h2>\n<p>iOS ottiene l&#8217;app web progressiva, offrendo agli utenti di iPhone e iPad un&#8217;esperienza completa. L&#8217;installazione segue uno schema semplice. Sul sito di Slotrize Casino, cerca il pulsante &#8220;Casino App&#8221; e segui alcune semplici istruzioni per aggiungere l&#8217;icona alla tua schermata iniziale. Si integra perfettamente con iOS: le notifiche push funzionano come dovrebbero, Face ID o Touch ID gestiscono la sicurezza del tuo login su Slot Rize e tutto funziona correttamente.<\/p>\n<p>Una volta installata, l&#8217;app Slotrize si carica velocemente e passa da un gioco all&#8217;altro senza problemi. Puoi completare il processo di verifica interamente sul cellulare, gestendo la configurazione dell&#8217;account, i depositi e la conferma dell&#8217;identit\u00e0 senza dover passare al computer. I giochi con soldi veri e la modalit\u00e0 demo funzionano esattamente come nella versione desktop, solo che sono stati ottimizzati per i comandi touch e gli schermi pi\u00f9 piccoli.<\/p>\n<p><img loading=\"lazy\" decoding=\"async\" class=\"alignnone wp-image-1367 size-large\" src=\"https:\/\/slotrizecasino.org\/wp-content\/uploads\/2026\/02\/Slotrize-iOS-1024x440.webp\" alt=\"Slotrize iOS\" width=\"1248\" height=\"536\" srcset=\"https:\/\/slotrizecasino.org\/wp-content\/uploads\/2026\/02\/Slotrize-iOS-1024x440.webp 1024w, https:\/\/slotrizecasino.org\/wp-content\/uploads\/2026\/02\/Slotrize-iOS-300x129.webp 300w, https:\/\/slotrizecasino.org\/wp-content\/uploads\/2026\/02\/Slotrize-iOS-768x330.webp 768w, https:\/\/slotrizecasino.org\/wp-content\/uploads\/2026\/02\/Slotrize-iOS.webp 1248w\" sizes=\"(max-width: 1248px) 100vw, 1248px\" \/><\/p>\n<\/div><\/div><div style=\"clear: both\"><\/div><div class=\"d-flex justify-content-center\"><button data-item=\"decouvrez_link\" data-group=\"website_links\" class=\"goto fw-bold rounded-pill btn btn-orange\" aria-label=\"Scarica l&#039;app Slotrize\" >Scarica l&#039;app Slotrize<\/button><\/div><div class=\"scrollable-content-wrap my-5\"><div class=\"scrollable-content-inner\"><h2>App Slotrize per Android<\/h2>\n<p>Gli utenti Android possono scaricare Slotrize tramite una configurazione progressiva dell&#8217;app web. Ci vogliono circa due minuti, forse meno se sei veloce:<\/p>\n<ol>\n<li>Sul sito web di Slotrize Casino, trova il pulsante &#8220;Casino App&#8221;.<\/li>\n<li>Tocca la richiesta di installazione e rispondi s\u00ec quando il telefono chiede l&#8217;autorizzazione.<\/li>\n<li>L&#8217;icona dell&#8217;app Slotrize apparir\u00e0 sulla schermata iniziale accanto a tutte le altre.<\/li>\n<\/ol>\n<p>Una volta che l&#8217;icona \u00e8 l\u00ec, toccandola si aprir\u00e0 immediatamente il casin\u00f2 mobile. Avrai a disposizione il catalogo completo dei giochi, tutte le promozioni in corso e tutte le opzioni di pagamento. Anche i dispositivi di fascia media lo gestiscono bene perch\u00e9 abbiamo dato la priorit\u00e0 alle prestazioni rispetto alle animazioni appariscenti.<\/p>\n<p>Slotrize Casino ha deliberatamente deciso di non utilizzare il metodo di distribuzione APK. Gli APK occupano molto pi\u00f9 spazio rispetto alle PWA perch\u00e9 raggruppano tutto in un unico pacchetto. La PWA carica le risorse solo quando necessario, lasciando libero lo spazio di archiviazione del telefono per le cose che desideri.<\/p>\n<p><img loading=\"lazy\" decoding=\"async\" src=\"https:\/\/slotrizecasino.org\/wp-content\/uploads\/2026\/02\/Slotrize-Android-1024x440.webp\" alt=\"Slotrize Android\" width=\"1248\" height=\"536\" \/><\/p>\n<\/div><\/div><div style=\"clear: both\"><\/div><div class=\"d-flex justify-content-center\"><button data-item=\"decouvrez_link\" data-group=\"website_links\" class=\"goto fw-bold rounded-pill btn btn-orange\" aria-label=\"Scarica l&#039;app Slotrize\" >Scarica l&#039;app Slotrize<\/button><\/div><div class=\"scrollable-content-wrap my-5\"><div class=\"scrollable-content-inner\"><h2>Applicazioni Windows e Mac<\/h2>\n<p>A volte il telefono non \u00e8 sufficiente e si desidera un&#8217;esperienza su monitor di dimensioni standard. La versione desktop di Slotrize funziona con i normali browser web (Chrome, Firefox, Safari, Edge, qualsiasi browser tu abbia) senza dover scaricare software speciali o eseguire complicate procedure di installazione. Visita il sito, accedi e potrai giocare in pochi secondi.<\/p>\n<p>Creare un collegamento sul desktop a Slotrize Casino velocizza ulteriormente le cose se sei un giocatore abituale. Con un solo clic accedi direttamente al tuo account, con giochi e funzioni pronti all&#8217;uso. La piattaforma desktop comunica automaticamente con la versione mobile, garantendo un&#8217;esperienza di gioco coerente, indipendentemente dal dispositivo che stai utilizzando in un determinato momento.<\/p>\n<table>\n<tbody>\n<tr>\n<td>Piattaforma<\/td>\n<td>Metodo di installazione<\/td>\n<td>Impatto sulla memoria<\/td>\n<td>Processo di aggiornamento<\/td>\n<td>Vantaggio chiave<\/td>\n<\/tr>\n<tr>\n<td>iOS (iPhone\/iPad)<\/td>\n<td>PWA tramite Safari<\/td>\n<td>Minimo: le risorse vengono caricate secondo necessit\u00e0<\/td>\n<td>Automatico lato server<\/td>\n<td>Si integra perfettamente con Face ID\/Touch ID<\/td>\n<\/tr>\n<tr>\n<td>Android<\/td>\n<td>PWA tramite Chrome\/Browser<\/td>\n<td>Minimo: nessun file di grandi dimensioni dell&#8217;app Slotrize<\/td>\n<td>Automatico lato server<\/td>\n<td>Bypassa completamente le restrizioni del Play Store<\/td>\n<\/tr>\n<tr>\n<td>Windows<\/td>\n<td>Basato su browser (nessuna installazione)<\/td>\n<td>Nessuno \u2013 funziona nel browser<\/td>\n<td>Automatico lato server<\/td>\n<td>Funziona in modo identico su tutte le versioni di Windows<\/td>\n<\/tr>\n<tr>\n<td>Mac<\/td>\n<td>Basato su browser (nessuna installazione)<\/td>\n<td>Nessuno \u2013 funziona nel browser<\/td>\n<td>Automatico lato server<\/td>\n<td>Integrazione nativa con Safari per prestazioni ottimali<\/td>\n<\/tr>\n<\/tbody>\n<\/table>\n<p><img loading=\"lazy\" decoding=\"async\" src=\"https:\/\/slotrizecasino.org\/wp-content\/uploads\/2026\/02\/Slotrize-Desktop-1024x440.webp\" alt=\"Slotrize Desktop\" width=\"1248\" height=\"536\" \/><\/p>\n<\/div><\/div><div style=\"clear: both\"><\/div><div class=\"d-flex justify-content-center\"><button data-item=\"decouvrez_link\" data-group=\"website_links\" class=\"goto fw-bold rounded-pill btn btn-orange\" aria-label=\"Scarica l&#039;app Slotrize\" >Scarica l&#039;app Slotrize<\/button><\/div><div class=\"scrollable-content-wrap my-5\"><div class=\"scrollable-content-inner\"><h2>Domande frequenti<\/h2>\n<h3>\u00c8 necessario creare un account per utilizzare l&#8217;app Slot Rize?<\/h3>\n<p>Per accedere all&#8217;app completa di Slotrize e giocare con denaro reale \u00e8 necessario un account. La registrazione richiede circa tre minuti: inserisci il tuo indirizzo e-mail, crea una password, aggiungi alcune informazioni personali di base e il gioco \u00e8 fatto. Una volta creato il tuo account, accedi da qualsiasi dispositivo e tutto si sincronizzer\u00e0 automaticamente. Alcuni giochi potrebbero consentirti di provare le modalit\u00e0 demo senza effettuare il login, ma qualsiasi operazione che coinvolga denaro reale, la richiesta di bonus o il monitoraggio dei tuoi progressi richiede l&#8217;accesso al tuo account.<\/p>\n<h3>L&#8217;app Slot Rize Casino offre assistenza clienti?<\/h3>\n<p>Il team di assistenza \u00e8 accessibile direttamente dall&#8217;app tramite live chat, quindi non dovrai cercare nelle pagine dei contatti o passare a un browser quando sorgono dei problemi. La live chat risponde abbastanza rapidamente, molto pi\u00f9 velocemente rispetto alle e-mail. Se hai problemi tecnici, sei confuso sul processo di verifica, hai problemi con i depositi o semplicemente non capisci come funziona qualcosa, l&#8217;assistenza multilingue se ne occuper\u00e0 attraverso la stessa interfaccia che stai gi\u00e0 utilizzando. Non \u00e8 necessario abbandonare il gioco o uscire da ci\u00f2 che stai facendo.<\/p>\n<h3>Come aggiornare l&#8217;app Slotrize Casino?<\/h3>\n<p>Gli aggiornamenti avvengono automaticamente con l&#8217;app web progressiva. Slotrize Casino invia gli aggiornamenti dai nostri server, quindi la prossima volta che apri l&#8217;app, stai gi\u00e0 utilizzando l&#8217;ultima versione. Niente da scaricare, nessuna approvazione dell&#8217;app store da attendere, nessuna notifica che ti assilla per installare qualcosa. Rimane semplicemente aggiornata automaticamente mentre sei impegnato a fare letteralmente qualsiasi altra cosa.<\/p>\n<\/div><\/div><\/p>\n","protected":false},"excerpt":{"rendered":"<p>Slot Rize sui dispositivi mobili Slotrize App \u00e8 una piattaforma di casin\u00f2 mobile che ti d\u00e0 accesso a migliaia di slot online, giochi con croupier dal vivo e tutto il resto senza farti sentire come se ti stessi accontentando di una versione mobile annacquata. I giocatori italiani ottengono il meglio, ottimizzato per qualsiasi telefono o [&hellip;]<\/p>\n","protected":false},"author":11,"featured_media":0,"parent":0,"menu_order":0,"comment_status":"closed","ping_status":"closed","template":"template-builder.php","meta":{"_acf_changed":false,"inline_featured_image":false,"footnotes":""},"class_list":["post-1419","page","type-page","status-publish","hentry"],"acf":[],"yoast_head":"<!-- This site is optimized with the Yoast SEO plugin v24.4 - https:\/\/yoast.com\/wordpress\/plugins\/seo\/ -->\n<title>Scarica l&#039;app Slotrize | iOS e Android<\/title>\n<meta name=\"description\" content=\"L&#039;app Slotrize garantisce un&#039;esperienza di gioco impeccabile su piattaforme Android, iOS, Windows e macOS, completa di sincronizzazione dell&#039;account, aggiornamenti regolari e assistenza clienti integrata per una maggiore facilit\u00e0 d&#039;uso.\" \/>\n<meta name=\"robots\" content=\"index, follow, max-snippet:-1, max-image-preview:large, max-video-preview:-1\" \/>\n<link rel=\"canonical\" href=\"https:\/\/slotrizecasino.org\/it\/applicazione\/\" \/>\n<meta property=\"og:locale\" content=\"it_IT\" \/>\n<meta property=\"og:type\" content=\"article\" \/>\n<meta property=\"og:title\" content=\"Scarica l&#039;app Slotrize | iOS e Android\" \/>\n<meta property=\"og:description\" content=\"L&#039;app Slotrize garantisce un&#039;esperienza di gioco impeccabile su piattaforme Android, iOS, Windows e macOS, completa di sincronizzazione dell&#039;account, aggiornamenti regolari e assistenza clienti integrata per una maggiore facilit\u00e0 d&#039;uso.\" \/>\n<meta property=\"og:url\" content=\"https:\/\/slotrizecasino.org\/it\/applicazione\/\" \/>\n<meta property=\"og:site_name\" content=\"Slotrize\" \/>\n<meta property=\"article:modified_time\" content=\"2026-02-09T14:07:13+00:00\" \/>\n<meta name=\"twitter:card\" content=\"summary_large_image\" \/>\n<meta name=\"twitter:label1\" content=\"Est. reading time\" \/>\n\t<meta name=\"twitter:data1\" content=\"2 minuti\" \/>\n<script type=\"application\/ld+json\" class=\"yoast-schema-graph\">{\"@context\":\"https:\/\/schema.org\",\"@graph\":[{\"@type\":\"WebPage\",\"@id\":\"https:\/\/slotrizecasino.org\/it\/applicazione\/\",\"url\":\"https:\/\/slotrizecasino.org\/it\/applicazione\/\",\"name\":\"Scarica l'app Slotrize | iOS e Android\",\"isPartOf\":{\"@id\":\"https:\/\/slotrizecasino.org\/it\/#website\"},\"datePublished\":\"2026-02-06T15:05:04+00:00\",\"dateModified\":\"2026-02-09T14:07:13+00:00\",\"description\":\"L'app Slotrize garantisce un'esperienza di gioco impeccabile su piattaforme Android, iOS, Windows e macOS, completa di sincronizzazione dell'account, aggiornamenti regolari e assistenza clienti integrata per una maggiore facilit\u00e0 d'uso.\",\"breadcrumb\":{\"@id\":\"https:\/\/slotrizecasino.org\/it\/applicazione\/#breadcrumb\"},\"inLanguage\":\"it-IT\",\"potentialAction\":[{\"@type\":\"ReadAction\",\"target\":[\"https:\/\/slotrizecasino.org\/it\/applicazione\/\"]}]},{\"@type\":\"BreadcrumbList\",\"@id\":\"https:\/\/slotrizecasino.org\/it\/applicazione\/#breadcrumb\",\"itemListElement\":[{\"@type\":\"ListItem\",\"position\":1,\"name\":\"Slotrize\",\"item\":\"https:\/\/slotrizecasino.org\/it\/\"},{\"@type\":\"ListItem\",\"position\":2,\"name\":\"Applicazione\"}]},{\"@type\":\"WebSite\",\"@id\":\"https:\/\/slotrizecasino.org\/it\/#website\",\"url\":\"https:\/\/slotrizecasino.org\/it\/\",\"name\":\"Slotrize\",\"description\":\"\",\"publisher\":{\"@id\":\"https:\/\/slotrizecasino.org\/it\/#organization\"},\"potentialAction\":[{\"@type\":\"SearchAction\",\"target\":{\"@type\":\"EntryPoint\",\"urlTemplate\":\"https:\/\/slotrizecasino.org\/it\/?s={search_term_string}\"},\"query-input\":{\"@type\":\"PropertyValueSpecification\",\"valueRequired\":true,\"valueName\":\"search_term_string\"}}],\"inLanguage\":\"it-IT\"},{\"@type\":\"Organization\",\"@id\":\"https:\/\/slotrizecasino.org\/it\/#organization\",\"name\":\"Slotrize\",\"url\":\"https:\/\/slotrizecasino.org\/it\/\",\"logo\":{\"@type\":\"ImageObject\",\"inLanguage\":\"it-IT\",\"@id\":\"https:\/\/slotrizecasino.org\/it\/#\/schema\/logo\/image\/\",\"url\":\"https:\/\/slotrizecasino.org\/wp-content\/uploads\/2026\/02\/Slotrize-logo.svg\",\"contentUrl\":\"https:\/\/slotrizecasino.org\/wp-content\/uploads\/2026\/02\/Slotrize-logo.svg\",\"width\":54,\"height\":27,\"caption\":\"Slotrize\"},\"image\":{\"@id\":\"https:\/\/slotrizecasino.org\/it\/#\/schema\/logo\/image\/\"}}]}<\/script>\n<!-- \/ Yoast SEO plugin. -->","yoast_head_json":{"title":"Scarica l'app Slotrize | iOS e Android","description":"L'app Slotrize garantisce un'esperienza di gioco impeccabile su piattaforme Android, iOS, Windows e macOS, completa di sincronizzazione dell'account, aggiornamenti regolari e assistenza clienti integrata per una maggiore facilit\u00e0 d'uso.","robots":{"index":"index","follow":"follow","max-snippet":"max-snippet:-1","max-image-preview":"max-image-preview:large","max-video-preview":"max-video-preview:-1"},"canonical":"https:\/\/slotrizecasino.org\/it\/applicazione\/","og_locale":"it_IT","og_type":"article","og_title":"Scarica l'app Slotrize | iOS e Android","og_description":"L'app Slotrize garantisce un'esperienza di gioco impeccabile su piattaforme Android, iOS, Windows e macOS, completa di sincronizzazione dell'account, aggiornamenti regolari e assistenza clienti integrata per una maggiore facilit\u00e0 d'uso.","og_url":"https:\/\/slotrizecasino.org\/it\/applicazione\/","og_site_name":"Slotrize","article_modified_time":"2026-02-09T14:07:13+00:00","twitter_card":"summary_large_image","twitter_misc":{"Est. reading time":"2 minuti"},"schema":{"@context":"https:\/\/schema.org","@graph":[{"@type":"WebPage","@id":"https:\/\/slotrizecasino.org\/it\/applicazione\/","url":"https:\/\/slotrizecasino.org\/it\/applicazione\/","name":"Scarica l'app Slotrize | iOS e Android","isPartOf":{"@id":"https:\/\/slotrizecasino.org\/it\/#website"},"datePublished":"2026-02-06T15:05:04+00:00","dateModified":"2026-02-09T14:07:13+00:00","description":"L'app Slotrize garantisce un'esperienza di gioco impeccabile su piattaforme Android, iOS, Windows e macOS, completa di sincronizzazione dell'account, aggiornamenti regolari e assistenza clienti integrata per una maggiore facilit\u00e0 d'uso.","breadcrumb":{"@id":"https:\/\/slotrizecasino.org\/it\/applicazione\/#breadcrumb"},"inLanguage":"it-IT","potentialAction":[{"@type":"ReadAction","target":["https:\/\/slotrizecasino.org\/it\/applicazione\/"]}]},{"@type":"BreadcrumbList","@id":"https:\/\/slotrizecasino.org\/it\/applicazione\/#breadcrumb","itemListElement":[{"@type":"ListItem","position":1,"name":"Slotrize","item":"https:\/\/slotrizecasino.org\/it\/"},{"@type":"ListItem","position":2,"name":"Applicazione"}]},{"@type":"WebSite","@id":"https:\/\/slotrizecasino.org\/it\/#website","url":"https:\/\/slotrizecasino.org\/it\/","name":"Slotrize","description":"","publisher":{"@id":"https:\/\/slotrizecasino.org\/it\/#organization"},"potentialAction":[{"@type":"SearchAction","target":{"@type":"EntryPoint","urlTemplate":"https:\/\/slotrizecasino.org\/it\/?s={search_term_string}"},"query-input":{"@type":"PropertyValueSpecification","valueRequired":true,"valueName":"search_term_string"}}],"inLanguage":"it-IT"},{"@type":"Organization","@id":"https:\/\/slotrizecasino.org\/it\/#organization","name":"Slotrize","url":"https:\/\/slotrizecasino.org\/it\/","logo":{"@type":"ImageObject","inLanguage":"it-IT","@id":"https:\/\/slotrizecasino.org\/it\/#\/schema\/logo\/image\/","url":"https:\/\/slotrizecasino.org\/wp-content\/uploads\/2026\/02\/Slotrize-logo.svg","contentUrl":"https:\/\/slotrizecasino.org\/wp-content\/uploads\/2026\/02\/Slotrize-logo.svg","width":54,"height":27,"caption":"Slotrize"},"image":{"@id":"https:\/\/slotrizecasino.org\/it\/#\/schema\/logo\/image\/"}}]}},"_links":{"self":[{"href":"https:\/\/slotrizecasino.org\/it\/wp-json\/wp\/v2\/pages\/1419"}],"collection":[{"href":"https:\/\/slotrizecasino.org\/it\/wp-json\/wp\/v2\/pages"}],"about":[{"href":"https:\/\/slotrizecasino.org\/it\/wp-json\/wp\/v2\/types\/page"}],"author":[{"embeddable":true,"href":"https:\/\/slotrizecasino.org\/it\/wp-json\/wp\/v2\/users\/11"}],"replies":[{"embeddable":true,"href":"https:\/\/slotrizecasino.org\/it\/wp-json\/wp\/v2\/comments?post=1419"}],"version-history":[{"count":3,"href":"https:\/\/slotrizecasino.org\/it\/wp-json\/wp\/v2\/pages\/1419\/revisions"}],"predecessor-version":[{"id":1836,"href":"https:\/\/slotrizecasino.org\/it\/wp-json\/wp\/v2\/pages\/1419\/revisions\/1836"}],"wp:attachment":[{"href":"https:\/\/slotrizecasino.org\/it\/wp-json\/wp\/v2\/media?parent=1419"}],"curies":[{"name":"wp","href":"https:\/\/api.w.org\/{rel}","templated":true}]}}