{"id":1456,"date":"2026-02-09T06:54:01","date_gmt":"2026-02-09T06:54:01","guid":{"rendered":"https:\/\/slotrizecasino.org\/login-and-registration\/"},"modified":"2026-02-09T09:38:50","modified_gmt":"2026-02-09T09:38:50","slug":"connexion-et-inscription","status":"publish","type":"page","link":"https:\/\/slotrizecasino.org\/fr\/connexion-et-inscription\/","title":{"rendered":"Connexion et inscription"},"content":{"rendered":"<h1>Connexion, inscription et gestion de compte Slotrize<\/h1>\n<p>Le Slotrize login syst\u00e8me est tr\u00e8s simple : saisissez vos informations, appuyez sur Entr\u00e9e, et le tour est jou\u00e9. Une fois que vous avez pass\u00e9 l&rsquo;\u00e9cran de connexion, tout est l\u00e0 : des milliers de jeux, toutes les promotions en cours, l&rsquo;historique complet de vos transactions et tous les outils dont vous avez besoin pour g\u00e9rer votre compte.<\/p>\n<p><div class=\"banner-wrap\" aria-label=\"Banner\"><img src=\"https:\/\/slotrizecasino.org\/wp-content\/uploads\/2026\/02\/Desktop-banner-scaled-1.webp\" class=\"w-100 d-none d-lg-block img-pc main-banner-img\" alt=\"Desktop banner scaled\" fetchpriority=\"high\" decoding=\"async\"><img src=\"https:\/\/slotrizecasino.org\/wp-content\/uploads\/2026\/02\/Mobile-banner.webp\" class=\"w-100 d-none d-md-block d-lg-none main-banner-img\" alt=\"Mobile banner\" fetchpriority=\"high\" decoding=\"async\"><img src=\"https:\/\/slotrizecasino.org\/wp-content\/uploads\/2026\/02\/Mobile-banner.webp\" class=\"w-100 d-md-none\" alt=\"Mobile banner\" fetchpriority=\"high\" decoding=\"async\"><div class=\"banner-description\">\n<div class=\"banner-title\">Bonus de bienvenue<\/div>\n<p class=\"banner-header-title\">1500 \u20ac<\/p>\n<div class=\"banner-header-AdditionalText\">+ 150 Tours gratuits<\/div>\n<button data-item=\"homepage_banner_link\" class=\"goto m-button m-gradient-border m-button--primary m-button--large banner-button btn-orange\">\n            <div class=\"m-button-content\">\n                <span>Inscrivez-vous d\u00e8s maintenant<\/span>\n                <span><\/span>\n            <\/div>\n        <\/button>\n<\/div>\n<div class=\"WelcomePack\">\n<p><img loading=\"lazy\" decoding=\"async\" class=\"alignnone size-full wp-image-1512\" src=\"https:\/\/slotrizecasino.org\/wp-content\/uploads\/welcome-crown.svg\" alt=\"welcome crown\" width=\"25\" height=\"26\" \/><\/p>\n<div class=\"WelcomePack-Info\">Cashback hebdomadaire jusqu&rsquo;\u00e0 25 %<\/div>\n<p><img loading=\"lazy\" decoding=\"async\" class=\"alignnone size-full wp-image-1512\" src=\"https:\/\/slotrizecasino.org\/wp-content\/uploads\/welcome-crown.svg\" alt=\"welcome crown\" width=\"25\" height=\"26\" \/><\/p>\n<\/div>\n<\/div><div class=\"scrollable-content-wrap my-5\"><div class=\"scrollable-content-inner\"><h2>Inscription d&rsquo;un nouvel utilisateur sur Slot Rize<\/h2>\n<p>L&rsquo;inscription \u00e0 Slotrize vous donne acc\u00e8s \u00e0 l&rsquo;ensemble de la plateforme. Vous avez alors acc\u00e8s \u00e0 une immense biblioth\u00e8que de jeux qui ne cesse de s&rsquo;enrichir de nouvelles machines \u00e0 sous, de jeux de table et d&rsquo;actions avec croupiers en direct. Les promotions sont d\u00e9bloqu\u00e9es, les tournois deviennent disponibles et vous commencez \u00e0 accumuler des points de fid\u00e9lit\u00e9 d\u00e8s votre premier pari. Slotrize Casino respecte les r\u00e8gles du jeu responsable, vous devez donc \u00eatre \u00e2g\u00e9 d&rsquo;au moins 18 ans pour vous inscrire, ce qui est assez courant sur toutes les plateformes l\u00e9gitimes.<\/p>\n<h3>Cr\u00e9ez votre compte<\/h3>\n<p>La cr\u00e9ation d&rsquo;un compte sur Slotrize prend \u00e0 peu pr\u00e8s autant de temps que de commander un caf\u00e9. Sur Slot Rize Casino, nous vous demandons votre adresse e-mail, un mot de passe et quelques informations personnelles de base. Vous n&rsquo;aurez pas \u00e0 remplir de nombreux formulaires, ni \u00e0 passer par des proc\u00e9dures de v\u00e9rification fastidieuses.<\/p>\n<p>Votre compte est dot\u00e9 d&rsquo;outils vous permettant de d\u00e9finir des limites de jeu personnelles, de suivre vos d\u00e9penses et d&rsquo;utiliser des fonctionnalit\u00e9s de jeu responsable qui vous aident \u00e0 rester raisonnable. Le tableau de bord regroupe tous ces \u00e9l\u00e9ments de mani\u00e8re logique.<\/p>\n<h2>G\u00e9rer un compte Slotrize<\/h2>\n<p>La connexion \u00e0 Slotrize suit le sch\u00e9ma habituel :<\/p>\n<ol>\n<li>Rep\u00e9rez la zone de connexion en haut \u00e0 droite de la page d&rsquo;accueil.<\/li>\n<li>Saisissez votre adresse e-mail et votre mot de passe enregistr\u00e9s, en faisant attention aux fautes de frappe, car celles-ci emp\u00eacheront \u00e9videmment votre connexion \u00e0 Slotrize.<\/li>\n<li>Cliquez sur le bouton de connexion.<\/li>\n<\/ol>\n<p>Une fois que vous \u00eates connect\u00e9 \u00e0 Slot Rize, le tableau de bord affiche clairement toutes les informations. Les options de d\u00e9p\u00f4t, l&rsquo;historique de vos bonus, les retraits en attente, les limites de jeu et les enregistrements de transactions sont tous regroup\u00e9s dans des sections organis\u00e9es. L&rsquo;authentification \u00e0 deux facteurs est disponible si vous souhaitez b\u00e9n\u00e9ficier d&rsquo;une s\u00e9curit\u00e9 suppl\u00e9mentaire.<\/p>\n<h3>Vous avez oubli\u00e9 votre mot de passe ?<\/h3>\n<p>Si vous avez oubli\u00e9 votre mot de passe, cliquez simplement sur le bouton \u00ab Mot de passe oubli\u00e9 ? \u00bb et suivez les \u00e9tapes de r\u00e9cup\u00e9ration. Vous recevrez un e-mail de r\u00e9initialisation, cliquez sur le lien et choisissez un nouveau mot de passe. Choisissez un mot de passe fort en m\u00e9langeant des lettres, des chiffres et des symboles. L&rsquo;ensemble du processus prend environ trois \u00e0 cinq minutes du d\u00e9but \u00e0 la fin. Une fois que vous avez d\u00e9fini le nouveau mot de passe, vous pouvez vous connecter imm\u00e9diatement \u00e0 l&rsquo;aide de vos nouvelles identifiants.<\/p>\n<h3>V\u00e9rification du compte et mesures de s\u00e9curit\u00e9 du casino Slotrize<\/h3>\n<p>Avant que Slot Rize ne traite tout retrait, nous devons v\u00e9rifier votre compte. Cela signifie que vous devez envoyer des documents officiels prouvant votre identit\u00e9, votre \u00e2ge et votre lieu de r\u00e9sidence. Une pi\u00e8ce d&rsquo;identit\u00e9 d\u00e9livr\u00e9e par le gouvernement couvre la partie identit\u00e9. Une facture r\u00e9cente ou un relev\u00e9 bancaire permet de confirmer votre adresse.<\/p>\n<p>Les documents doivent \u00eatre lisibles, non modifi\u00e9s et \u00e0 jour. Vous pouvez masquer les transactions individuelles et votre solde. Slotrize Casino a seulement besoin que votre nom et votre adresse soient visibles. Le processus de v\u00e9rification est g\u00e9n\u00e9ralement termin\u00e9 dans les 48 heures suivant la soumission de tous les documents. L&rsquo;\u00e9quipe d&rsquo;assistance g\u00e8re ces v\u00e9rifications et offre un soutien multilingue, de sorte que les diff\u00e9rences linguistiques ne ralentissent pas le processus.<\/p>\n<p>Si la v\u00e9rification prend plus de temps que pr\u00e9vu ou si vous vous demandez ce qui se passe, vous pouvez obtenir rapidement des r\u00e9ponses concr\u00e8tes en contactant le service client par chat en direct ou par e-mail. L&rsquo;ensemble de ce processus de v\u00e9rification existe en raison d&rsquo;exigences l\u00e9gales et afin de prot\u00e9ger votre compte contre les retraits frauduleux. La v\u00e9rification du compte n&rsquo;est pas la seule mesure de s\u00e9curit\u00e9 utilis\u00e9e par Slotrize.<\/p>\n<table>\n<tbody>\n<tr>\n<td>Fonctionnalit\u00e9 de s\u00e9curit\u00e9<\/td>\n<td>Fonction<\/td>\n<\/tr>\n<tr>\n<td>Authentification \u00e0 deux facteurs<\/td>\n<td>Vous devez saisir un code secondaire lors de la connexion \u00e0 Slotrize, qui vous est envoy\u00e9 sur votre t\u00e9l\u00e9phone ou par e-mail.<\/td>\n<\/tr>\n<tr>\n<td>V\u00e9rification des documents<\/td>\n<td>Confirme votre identit\u00e9 \u00e0 l&rsquo;aide de documents officiels avant d&rsquo;autoriser les retraits.<\/td>\n<\/tr>\n<tr>\n<td>Surveillance de l&rsquo;activit\u00e9<\/td>\n<td>Surveille vos habitudes de connexion et signale automatiquement tout \u00e9l\u00e9ment qui semble anormal.<\/td>\n<\/tr>\n<\/tbody>\n<\/table>\n<h2>FAQ<\/h2>\n<h3>Comment mettre \u00e0 jour mon mot de passe ou mon adresse e-mail ?<\/h3>\n<p>Pour modifier votre mot de passe ou votre adresse e-mail, rendez-vous dans les param\u00e8tres de votre compte, accessibles apr\u00e8s vous \u00eatre connect\u00e9 \u00e0 Slotrize. Acc\u00e9dez \u00e0 votre profil ou \u00e0 la section de gestion de votre compte, g\u00e9n\u00e9ralement clairement indiqu\u00e9e dans le menu du tableau de bord. Pour modifier votre mot de passe, vous devrez d&rsquo;abord saisir votre mot de passe actuel, puis taper deux fois votre nouveau mot de passe afin de confirmer que vous n&rsquo;avez pas fait de faute de frappe. Choisissez un mot de passe fort que vous n&rsquo;utilisez pas d\u00e9j\u00e0 sur dix autres sites.<\/p>\n<p>La mise \u00e0 jour de votre adresse e-mail s&rsquo;effectue de la m\u00eame mani\u00e8re dans les param\u00e8tres de votre compte. Saisissez la nouvelle adresse e-mail et Slotrize Casino vous enverra un lien de v\u00e9rification \u00e0 cette adresse pour confirmer que vous en \u00eates bien le propri\u00e9taire. Cliquez sur ce lien et la modification sera effective.<\/p>\n<h3>Que dois-je faire si mon compte est verrouill\u00e9 ?<\/h3>\n<p>Ne paniquez pas et contactez l&rsquo;\u00e9quipe d&rsquo;assistance via le chat en direct si vous y avez acc\u00e8s, ou envoyez un e-mail \u00e0 notre adresse d&rsquo;assistance si le chat en direct n&rsquo;est pas disponible pendant que vous \u00eates bloqu\u00e9.<\/p>\n<p>L&rsquo;\u00e9quipe d&rsquo;assistance vous demandera de v\u00e9rifier votre identit\u00e9, probablement en vous posant quelques questions de s\u00e9curit\u00e9 sur votre compte, voire en vous demandant des documents si le blocage semble li\u00e9 au processus de v\u00e9rification. Une fois qu&rsquo;elle aura confirm\u00e9 que vous \u00eates bien vous-m\u00eame et non quelqu&rsquo;un qui tente de pirater votre compte, elle cherchera \u00e0 savoir ce qui a d\u00e9clench\u00e9 le blocage et r\u00e9tablira votre acc\u00e8s.<\/p>\n<\/div><\/div><\/p>\n","protected":false},"excerpt":{"rendered":"<p>Connexion, inscription et gestion de compte Slotrize Le Slotrize login syst\u00e8me est tr\u00e8s simple : saisissez vos informations, appuyez sur Entr\u00e9e, et le tour est jou\u00e9. Une fois que vous avez pass\u00e9 l&rsquo;\u00e9cran de connexion, tout est l\u00e0 : des milliers de jeux, toutes les promotions en cours, l&rsquo;historique complet de vos transactions et tous [&hellip;]<\/p>\n","protected":false},"author":11,"featured_media":0,"parent":0,"menu_order":0,"comment_status":"closed","ping_status":"closed","template":"template-builder.php","meta":{"_acf_changed":false,"inline_featured_image":false,"footnotes":""},"class_list":["post-1456","page","type-page","status-publish","hentry"],"acf":[],"yoast_head":"<!-- This site is optimized with the Yoast SEO plugin v24.4 - https:\/\/yoast.com\/wordpress\/plugins\/seo\/ -->\n<title>Slotrize Login \u2013 Register &amp; Manage Account<\/title>\n<meta name=\"description\" content=\"Easily create, manage, and verify your Slotrize Casino account with fast registration, seamless account recovery, and secure account closure, ensuring 24\/7 protection through Slotrize Login.\" \/>\n<meta name=\"robots\" content=\"index, follow, max-snippet:-1, max-image-preview:large, max-video-preview:-1\" \/>\n<link rel=\"canonical\" href=\"https:\/\/slotrizecasino.org\/fr\/connexion-et-inscription\/\" \/>\n<meta property=\"og:locale\" content=\"fr_FR\" \/>\n<meta property=\"og:type\" content=\"article\" \/>\n<meta property=\"og:title\" content=\"Slotrize Login \u2013 Register &amp; Manage Account\" \/>\n<meta property=\"og:description\" content=\"Easily create, manage, and verify your Slotrize Casino account with fast registration, seamless account recovery, and secure account closure, ensuring 24\/7 protection through Slotrize Login.\" \/>\n<meta property=\"og:url\" content=\"https:\/\/slotrizecasino.org\/fr\/connexion-et-inscription\/\" \/>\n<meta property=\"og:site_name\" content=\"Slotrize\" \/>\n<meta property=\"article:modified_time\" content=\"2026-02-09T09:38:50+00:00\" \/>\n<meta name=\"twitter:card\" content=\"summary_large_image\" \/>\n<meta name=\"twitter:label1\" content=\"Dur\u00e9e de lecture estim\u00e9e\" \/>\n\t<meta name=\"twitter:data1\" content=\"1 minute\" \/>\n<script type=\"application\/ld+json\" class=\"yoast-schema-graph\">{\"@context\":\"https:\/\/schema.org\",\"@graph\":[{\"@type\":\"WebPage\",\"@id\":\"https:\/\/slotrizecasino.org\/fr\/connexion-et-inscription\/\",\"url\":\"https:\/\/slotrizecasino.org\/fr\/connexion-et-inscription\/\",\"name\":\"Slotrize Login \u2013 Register & Manage Account\",\"isPartOf\":{\"@id\":\"https:\/\/slotrizecasino.org\/fr\/#website\"},\"datePublished\":\"2026-02-09T06:54:01+00:00\",\"dateModified\":\"2026-02-09T09:38:50+00:00\",\"description\":\"Easily create, manage, and verify your Slotrize Casino account with fast registration, seamless account recovery, and secure account closure, ensuring 24\/7 protection through Slotrize Login.\",\"breadcrumb\":{\"@id\":\"https:\/\/slotrizecasino.org\/fr\/connexion-et-inscription\/#breadcrumb\"},\"inLanguage\":\"fr-FR\",\"potentialAction\":[{\"@type\":\"ReadAction\",\"target\":[\"https:\/\/slotrizecasino.org\/fr\/connexion-et-inscription\/\"]}]},{\"@type\":\"BreadcrumbList\",\"@id\":\"https:\/\/slotrizecasino.org\/fr\/connexion-et-inscription\/#breadcrumb\",\"itemListElement\":[{\"@type\":\"ListItem\",\"position\":1,\"name\":\"Slotrize\",\"item\":\"https:\/\/slotrizecasino.org\/fr\/\"},{\"@type\":\"ListItem\",\"position\":2,\"name\":\"Connexion et inscription\"}]},{\"@type\":\"WebSite\",\"@id\":\"https:\/\/slotrizecasino.org\/fr\/#website\",\"url\":\"https:\/\/slotrizecasino.org\/fr\/\",\"name\":\"Slotrize\",\"description\":\"\",\"publisher\":{\"@id\":\"https:\/\/slotrizecasino.org\/fr\/#organization\"},\"potentialAction\":[{\"@type\":\"SearchAction\",\"target\":{\"@type\":\"EntryPoint\",\"urlTemplate\":\"https:\/\/slotrizecasino.org\/fr\/?s={search_term_string}\"},\"query-input\":{\"@type\":\"PropertyValueSpecification\",\"valueRequired\":true,\"valueName\":\"search_term_string\"}}],\"inLanguage\":\"fr-FR\"},{\"@type\":\"Organization\",\"@id\":\"https:\/\/slotrizecasino.org\/fr\/#organization\",\"name\":\"Slotrize\",\"url\":\"https:\/\/slotrizecasino.org\/fr\/\",\"logo\":{\"@type\":\"ImageObject\",\"inLanguage\":\"fr-FR\",\"@id\":\"https:\/\/slotrizecasino.org\/fr\/#\/schema\/logo\/image\/\",\"url\":\"https:\/\/slotrizecasino.org\/wp-content\/uploads\/2026\/02\/Slotrize-logo.svg\",\"contentUrl\":\"https:\/\/slotrizecasino.org\/wp-content\/uploads\/2026\/02\/Slotrize-logo.svg\",\"width\":54,\"height\":27,\"caption\":\"Slotrize\"},\"image\":{\"@id\":\"https:\/\/slotrizecasino.org\/fr\/#\/schema\/logo\/image\/\"}}]}<\/script>\n<!-- \/ Yoast SEO plugin. -->","yoast_head_json":{"title":"Slotrize Login \u2013 Register & Manage Account","description":"Easily create, manage, and verify your Slotrize Casino account with fast registration, seamless account recovery, and secure account closure, ensuring 24\/7 protection through Slotrize Login.","robots":{"index":"index","follow":"follow","max-snippet":"max-snippet:-1","max-image-preview":"max-image-preview:large","max-video-preview":"max-video-preview:-1"},"canonical":"https:\/\/slotrizecasino.org\/fr\/connexion-et-inscription\/","og_locale":"fr_FR","og_type":"article","og_title":"Slotrize Login \u2013 Register & Manage Account","og_description":"Easily create, manage, and verify your Slotrize Casino account with fast registration, seamless account recovery, and secure account closure, ensuring 24\/7 protection through Slotrize Login.","og_url":"https:\/\/slotrizecasino.org\/fr\/connexion-et-inscription\/","og_site_name":"Slotrize","article_modified_time":"2026-02-09T09:38:50+00:00","twitter_card":"summary_large_image","twitter_misc":{"Dur\u00e9e de lecture estim\u00e9e":"1 minute"},"schema":{"@context":"https:\/\/schema.org","@graph":[{"@type":"WebPage","@id":"https:\/\/slotrizecasino.org\/fr\/connexion-et-inscription\/","url":"https:\/\/slotrizecasino.org\/fr\/connexion-et-inscription\/","name":"Slotrize Login \u2013 Register & Manage Account","isPartOf":{"@id":"https:\/\/slotrizecasino.org\/fr\/#website"},"datePublished":"2026-02-09T06:54:01+00:00","dateModified":"2026-02-09T09:38:50+00:00","description":"Easily create, manage, and verify your Slotrize Casino account with fast registration, seamless account recovery, and secure account closure, ensuring 24\/7 protection through Slotrize Login.","breadcrumb":{"@id":"https:\/\/slotrizecasino.org\/fr\/connexion-et-inscription\/#breadcrumb"},"inLanguage":"fr-FR","potentialAction":[{"@type":"ReadAction","target":["https:\/\/slotrizecasino.org\/fr\/connexion-et-inscription\/"]}]},{"@type":"BreadcrumbList","@id":"https:\/\/slotrizecasino.org\/fr\/connexion-et-inscription\/#breadcrumb","itemListElement":[{"@type":"ListItem","position":1,"name":"Slotrize","item":"https:\/\/slotrizecasino.org\/fr\/"},{"@type":"ListItem","position":2,"name":"Connexion et inscription"}]},{"@type":"WebSite","@id":"https:\/\/slotrizecasino.org\/fr\/#website","url":"https:\/\/slotrizecasino.org\/fr\/","name":"Slotrize","description":"","publisher":{"@id":"https:\/\/slotrizecasino.org\/fr\/#organization"},"potentialAction":[{"@type":"SearchAction","target":{"@type":"EntryPoint","urlTemplate":"https:\/\/slotrizecasino.org\/fr\/?s={search_term_string}"},"query-input":{"@type":"PropertyValueSpecification","valueRequired":true,"valueName":"search_term_string"}}],"inLanguage":"fr-FR"},{"@type":"Organization","@id":"https:\/\/slotrizecasino.org\/fr\/#organization","name":"Slotrize","url":"https:\/\/slotrizecasino.org\/fr\/","logo":{"@type":"ImageObject","inLanguage":"fr-FR","@id":"https:\/\/slotrizecasino.org\/fr\/#\/schema\/logo\/image\/","url":"https:\/\/slotrizecasino.org\/wp-content\/uploads\/2026\/02\/Slotrize-logo.svg","contentUrl":"https:\/\/slotrizecasino.org\/wp-content\/uploads\/2026\/02\/Slotrize-logo.svg","width":54,"height":27,"caption":"Slotrize"},"image":{"@id":"https:\/\/slotrizecasino.org\/fr\/#\/schema\/logo\/image\/"}}]}},"_links":{"self":[{"href":"https:\/\/slotrizecasino.org\/fr\/wp-json\/wp\/v2\/pages\/1456"}],"collection":[{"href":"https:\/\/slotrizecasino.org\/fr\/wp-json\/wp\/v2\/pages"}],"about":[{"href":"https:\/\/slotrizecasino.org\/fr\/wp-json\/wp\/v2\/types\/page"}],"author":[{"embeddable":true,"href":"https:\/\/slotrizecasino.org\/fr\/wp-json\/wp\/v2\/users\/11"}],"replies":[{"embeddable":true,"href":"https:\/\/slotrizecasino.org\/fr\/wp-json\/wp\/v2\/comments?post=1456"}],"version-history":[{"count":2,"href":"https:\/\/slotrizecasino.org\/fr\/wp-json\/wp\/v2\/pages\/1456\/revisions"}],"predecessor-version":[{"id":1614,"href":"https:\/\/slotrizecasino.org\/fr\/wp-json\/wp\/v2\/pages\/1456\/revisions\/1614"}],"wp:attachment":[{"href":"https:\/\/slotrizecasino.org\/fr\/wp-json\/wp\/v2\/media?parent=1456"}],"curies":[{"name":"wp","href":"https:\/\/api.w.org\/{rel}","templated":true}]}}