{"id":1414,"date":"2026-02-06T15:05:04","date_gmt":"2026-02-06T15:05:04","guid":{"rendered":"https:\/\/slotrizecasino.org\/app\/"},"modified":"2026-02-09T13:58:16","modified_gmt":"2026-02-09T13:58:16","slug":"app","status":"publish","type":"page","link":"https:\/\/slotrizecasino.org\/fr\/app\/","title":{"rendered":"App"},"content":{"rendered":"<h1>Slot Rize sur les appareils mobiles<\/h1>\n<p>Slotrize App est une plateforme de casino mobile qui vous donne acc\u00e8s \u00e0 des milliers de machines \u00e0 sous en ligne, de jeux avec croupier en direct et \u00e0 tout le reste sans vous donner l&rsquo;impression de vous contenter d&rsquo;une version mobile \u00e9dulcor\u00e9e. Vous b\u00e9n\u00e9ficiez d&rsquo;une exp\u00e9rience authentique, optimis\u00e9e pour le t\u00e9l\u00e9phone ou la tablette que vous utilisez.<\/p>\n<div class=\"banner-wrap\" aria-label=\"Banner\"><img src=\"https:\/\/slotrizecasino.org\/wp-content\/uploads\/2026\/02\/Desktop-banner-scaled-1.webp\" class=\"w-100 d-none d-lg-block img-pc main-banner-img\" alt=\"Desktop banner scaled\" fetchpriority=\"high\" decoding=\"async\"><img src=\"https:\/\/slotrizecasino.org\/wp-content\/uploads\/2026\/02\/Mobile-banner.webp\" class=\"w-100 d-none d-md-block d-lg-none main-banner-img\" alt=\"Mobile banner\" fetchpriority=\"high\" decoding=\"async\"><img src=\"https:\/\/slotrizecasino.org\/wp-content\/uploads\/2026\/02\/Mobile-banner.webp\" class=\"w-100 d-md-none\" alt=\"Mobile banner\" fetchpriority=\"high\" decoding=\"async\"><div class=\"banner-description\">\n<div class=\"banner-title\">Bonus de bienvenue<\/div>\n<p class=\"banner-header-title\">1500 \u20ac<\/p>\n<div class=\"banner-header-AdditionalText\">+ 150 Tours gratuits<\/div>\n<button data-item=\"homepage_banner_link\" class=\"goto m-button m-gradient-border m-button--primary m-button--large banner-button btn-orange\">\n            <div class=\"m-button-content\">\n                <span>Inscrivez-vous d\u00e8s maintenant<\/span>\n                <span><\/span>\n            <\/div>\n        <\/button>\n<\/div>\n<div class=\"WelcomePack\">\n<p><img loading=\"lazy\" decoding=\"async\" class=\"alignnone size-full wp-image-1512\" src=\"https:\/\/slotrizecasino.org\/wp-content\/uploads\/welcome-crown.svg\" alt=\"welcome crown\" width=\"25\" height=\"26\" \/><\/p>\n<div class=\"WelcomePack-Info\">Cashback hebdomadaire jusqu&rsquo;\u00e0 25 %<\/div>\n<p><img loading=\"lazy\" decoding=\"async\" class=\"alignnone size-full wp-image-1512\" src=\"https:\/\/slotrizecasino.org\/wp-content\/uploads\/welcome-crown.svg\" alt=\"welcome crown\" width=\"25\" height=\"26\" \/><\/p>\n<\/div>\n<\/div>\n<h2>Options d&rsquo;acc\u00e8s mobile \u00e0 SlotRize<\/h2>\n<p>Slotrize utilise la technologie des applications web progressives. Concr\u00e8tement, cela signifie que vous b\u00e9n\u00e9ficiez d&rsquo;un acc\u00e8s instantan\u00e9 sans que votre t\u00e9l\u00e9phone ne soit ralenti par le poids d&rsquo;une application volumineuse.<\/p>\n<p>Les mises \u00e0 jour s&rsquo;effectuent en arri\u00e8re-plan pendant que vous faites autre chose. Les correctifs de s\u00e9curit\u00e9 s&rsquo;installent automatiquement. Votre exp\u00e9rience de jeu sur Slot Rize reste fluide, que vous utilisiez le dernier mod\u00e8le de t\u00e9l\u00e9phone ou un appareil que vous poss\u00e9dez depuis plusieurs ann\u00e9es.<\/p>\n<p>Tout se synchronise automatiquement sur vos appareils. Commencez \u00e0 jouer sur votre ordinateur portable pendant votre pause d\u00e9jeuner, sortez votre t\u00e9l\u00e9phone dans le train pour rentrer chez vous, et vous reprenez l\u00e0 o\u00f9 vous vous \u00e9tiez arr\u00eat\u00e9. Slotrize Casino g\u00e8re toute cette synchronisation de mani\u00e8re invisible afin que vous puissiez vous concentrer sur le jeu plut\u00f4t que sur les d\u00e9tails techniques.<\/p>\n<p>Trouver des jeux ne n\u00e9cessite pas non plus une chasse au tr\u00e9sor. La biblioth\u00e8que est intuitive d\u00e8s que vous l&rsquo;ouvrez. Vos machines \u00e0 sous en ligne pr\u00e9f\u00e9r\u00e9es apparaissent rapidement. Les notifications push vous informent des nouvelles promotions, et en cas de probl\u00e8me, l&rsquo;\u00e9quipe d&rsquo;assistance de l&rsquo;application Slotrize r\u00e9pond assez rapidement via le chat en direct, vous n&rsquo;avez donc pas \u00e0 attendre pendant des heures.<\/p>\n<p><div class=\"scrollable-content-wrap my-5\"><div class=\"scrollable-content-inner\"><h2>Application iOS Slotrize<\/h2>\n<p>iOS b\u00e9n\u00e9ficie de l&rsquo;application web progressive, offrant aux utilisateurs d&rsquo;iPhone et d&rsquo;iPad une exp\u00e9rience compl\u00e8te. L&rsquo;installation est tr\u00e8s simple. Sur le site Slotrize Casino, recherchez le bouton \u00ab Casino App \u00bb et suivez quelques instructions simples pour ajouter l&rsquo;ic\u00f4ne \u00e0 votre \u00e9cran d&rsquo;accueil. Elle s&rsquo;int\u00e8gre parfaitement \u00e0 iOS : les notifications push fonctionnent comme elles le devraient, Face ID ou Touch ID g\u00e8rent la s\u00e9curit\u00e9 de votre connexion \u00e0 Slot Rize, et tout s&rsquo;adapte correctement.<\/p>\n<p>Une fois install\u00e9e, l&rsquo;application Slotrize se charge rapidement et permet de passer d&rsquo;un jeu \u00e0 l&rsquo;autre en toute fluidit\u00e9. Vous pouvez effectuer l&rsquo;int\u00e9gralit\u00e9 du processus de v\u00e9rification sur votre mobile, en g\u00e9rant la configuration de votre compte, vos d\u00e9p\u00f4ts et la confirmation de votre identit\u00e9 sans avoir \u00e0 passer par un ordinateur. Les jeux en argent r\u00e9el et le mode d\u00e9mo fonctionnent exactement comme la version de bureau, \u00e0 la diff\u00e9rence pr\u00e8s qu&rsquo;ils ont \u00e9t\u00e9 adapt\u00e9s aux commandes tactiles et aux \u00e9crans plus petits.<\/p>\n<p><img loading=\"lazy\" decoding=\"async\" src=\"https:\/\/slotrizecasino.org\/wp-content\/uploads\/2026\/02\/Slotrize-iOS-1024x440.webp\" alt=\"Slotrize iOS\" width=\"1248\" height=\"536\" \/><\/p>\n<\/div><\/div><div style=\"clear: both\"><\/div><div class=\"d-flex justify-content-center\"><button data-item=\"decouvrez_link\" data-group=\"website_links\" class=\"goto fw-bold rounded-pill btn btn-orange\" aria-label=\"T\u00e9l\u00e9chargez l&#039;application Slotrize\" >T\u00e9l\u00e9chargez l&#039;application Slotrize<\/button><\/div><div class=\"scrollable-content-wrap my-5\"><div class=\"scrollable-content-inner\"><h2>Application Android Slotrize<\/h2>\n<p>Les utilisateurs d&rsquo;Android peuvent t\u00e9l\u00e9charger Slotrize via une configuration d&rsquo;application web progressive. Cela prend environ deux minutes, voire moins si vous \u00eates rapide :<\/p>\n<ol>\n<li>Sur le site web de Slotrize Casino, trouvez le bouton \u00ab Casino App \u00bb.<\/li>\n<li>Appuyez sur l&rsquo;invite d&rsquo;installation et acceptez lorsque votre t\u00e9l\u00e9phone vous demande l&rsquo;autorisation.<\/li>\n<li>L&rsquo;ic\u00f4ne de l&rsquo;application Slotrize appara\u00eet sur votre \u00e9cran d&rsquo;accueil, \u00e0 c\u00f4t\u00e9 de toutes les autres.<\/li>\n<\/ol>\n<p>Une fois cette ic\u00f4ne affich\u00e9e, appuyez dessus pour ouvrir instantan\u00e9ment le casino mobile. Vous aurez acc\u00e8s \u00e0 l&rsquo;int\u00e9gralit\u00e9 du catalogue de jeux, \u00e0 toutes les promotions en cours et \u00e0 toutes les options bancaires. M\u00eame les appareils de milieu de gamme peuvent le prendre en charge, car nous avons privil\u00e9gi\u00e9 les performances plut\u00f4t que les animations flashy.<\/p>\n<p>Slotrize Casino a d\u00e9lib\u00e9r\u00e9ment choisi de ne pas utiliser la m\u00e9thode de distribution APK. Les APK occupent beaucoup plus d&rsquo;espace que les PWA, car elles regroupent tout dans un seul package. La PWA charge les ressources selon les besoins, ce qui permet de lib\u00e9rer de l&rsquo;espace de stockage sur votre t\u00e9l\u00e9phone pour d&rsquo;autres applications.<\/p>\n<p><img loading=\"lazy\" decoding=\"async\" src=\"https:\/\/slotrizecasino.org\/wp-content\/uploads\/2026\/02\/Slotrize-Android-1024x440.webp\" alt=\"Slotrize Android\" width=\"1248\" height=\"536\" \/><\/p>\n<\/div><\/div><div style=\"clear: both\"><\/div><div class=\"d-flex justify-content-center\"><button data-item=\"decouvrez_link\" data-group=\"website_links\" class=\"goto fw-bold rounded-pill btn btn-orange\" aria-label=\"T\u00e9l\u00e9chargez l&#039;application Slotrize\" >T\u00e9l\u00e9chargez l&#039;application Slotrize<\/button><\/div><div class=\"scrollable-content-wrap my-5\"><div class=\"scrollable-content-inner\"><h2>Applications Windows et Mac<\/h2>\n<p>Parfois, votre t\u00e9l\u00e9phone ne suffit pas et vous souhaitez profiter d&rsquo;un \u00e9cran de taille normale. La version de bureau de Slotrize fonctionne avec les navigateurs web classiques (Chrome, Firefox, Safari, Edge, etc.) sans que vous ayez \u00e0 t\u00e9l\u00e9charger de logiciel sp\u00e9cial ou \u00e0 passer par des \u00e9tapes d&rsquo;installation fastidieuses. Rendez-vous sur le site, connectez-vous et vous pourrez jouer en quelques secondes.<\/p>\n<p>Si vous jouez r\u00e9guli\u00e8rement, la cr\u00e9ation d&rsquo;un raccourci Slotrize Casino sur votre bureau vous permettra d&rsquo;acc\u00e9l\u00e9rer encore plus les choses. Un simple clic vous permet d&rsquo;acc\u00e9der directement \u00e0 votre compte, avec des jeux et des fonctionnalit\u00e9s pr\u00eats \u00e0 l&#8217;emploi. La plateforme de bureau communique automatiquement avec la version mobile, ce qui vous garantit une exp\u00e9rience de jeu coh\u00e9rente, quel que soit l&rsquo;appareil que vous utilisez \u00e0 un moment donn\u00e9.<\/p>\n<table>\n<tbody>\n<tr>\n<td>Plateforme<\/td>\n<td>M\u00e9thode d&rsquo;installation<\/td>\n<td>Impact sur le stockage<\/td>\n<td>Processus de mise \u00e0 jour<\/td>\n<td>Avantage cl\u00e9<\/td>\n<\/tr>\n<tr>\n<td>iOS (iPhone\/iPad)<\/td>\n<td>PWA via Safari<\/td>\n<td>Minimal \u2013 les ressources sont charg\u00e9es selon les besoins<\/td>\n<td>Automatique c\u00f4t\u00e9 serveur<\/td>\n<td>S&rsquo;int\u00e8gre parfaitement \u00e0 Face ID\/Touch ID<\/td>\n<\/tr>\n<tr>\n<td>Android<\/td>\n<td>PWA via Chrome\/navigateur<\/td>\n<td>Minimal \u2013 pas de fichier d&rsquo;application Slotrize volumineux<\/td>\n<td>Automatique c\u00f4t\u00e9 serveur<\/td>\n<td>Contourne compl\u00e8tement les restrictions du Play Store<\/td>\n<\/tr>\n<tr>\n<td>Windows<\/td>\n<td>Bas\u00e9 sur un navigateur (aucune installation)<\/td>\n<td>Aucun \u2013 fonctionne dans le navigateur<\/td>\n<td>Automatique c\u00f4t\u00e9 serveur<\/td>\n<td>Fonctionne de mani\u00e8re identique sur toutes les versions de Windows<\/td>\n<\/tr>\n<tr>\n<td>Mac<\/td>\n<td>Bas\u00e9 sur un navigateur (aucune installation requise)<\/td>\n<td>Aucun \u2013 s&rsquo;ex\u00e9cute dans le navigateur<\/td>\n<td>Automatique c\u00f4t\u00e9 serveur<\/td>\n<td>Int\u00e9gration native \u00e0 Safari pour des performances optimales<\/td>\n<\/tr>\n<\/tbody>\n<\/table>\n<h2><img loading=\"lazy\" decoding=\"async\" src=\"https:\/\/slotrizecasino.org\/wp-content\/uploads\/2026\/02\/Slotrize-Desktop-1024x440.webp\" alt=\"Slotrize Desktop\" width=\"1248\" height=\"536\" \/><\/h2>\n<\/div><\/div><div style=\"clear: both\"><\/div><div class=\"d-flex justify-content-center\"><button data-item=\"decouvrez_link\" data-group=\"website_links\" class=\"goto fw-bold rounded-pill btn btn-orange\" aria-label=\"T\u00e9l\u00e9chargez l&#039;application Slotrize\" >T\u00e9l\u00e9chargez l&#039;application Slotrize<\/button><\/div><div class=\"scrollable-content-wrap my-5\"><div class=\"scrollable-content-inner\"><h2>FAQ<\/h2>\n<h3>Faut-il cr\u00e9er un compte pour utiliser l&rsquo;application Slot Rize ?<\/h3>\n<p>Vous devez disposer d&rsquo;un compte pour acc\u00e9der \u00e0 l&rsquo;application Slotrize dans son int\u00e9gralit\u00e9 et jouer avec de l&rsquo;argent r\u00e9el. L&rsquo;inscription prend environ trois minutes : entrez votre adresse e-mail, cr\u00e9ez un mot de passe, ajoutez quelques informations personnelles de base, et le tour est jou\u00e9. Une fois votre compte cr\u00e9\u00e9, connectez-vous depuis n&rsquo;importe quel appareil et tout se synchronise automatiquement. Certains jeux vous permettent d&rsquo;essayer des modes d\u00e9mo sans vous connecter, mais tout ce qui implique de l&rsquo;argent r\u00e9el, l&rsquo;obtention de bonus ou le suivi de vos progr\u00e8s n\u00e9cessite que vous soyez connect\u00e9 \u00e0 votre compte.<\/p>\n<h3>L&rsquo;application Slot Rize Casino offre-t-elle un service client ?<\/h3>\n<p>L&rsquo;\u00e9quipe d&rsquo;assistance est accessible directement via l&rsquo;application gr\u00e2ce au chat en direct. Vous n&rsquo;avez donc pas besoin de fouiller dans les pages de contact ou de passer par un navigateur lorsque des probl\u00e8mes surviennent. Le chat en direct r\u00e9pond assez rapidement, bien plus rapidement que les \u00e9changes par e-mail. Si vous rencontrez des probl\u00e8mes techniques, si vous ne comprenez pas le processus de v\u00e9rification, si vous avez des probl\u00e8mes de d\u00e9p\u00f4t ou si vous ne comprenez tout simplement pas comment quelque chose fonctionne, l&rsquo;assistance multilingue s&rsquo;en charge via la m\u00eame interface que celle que vous utilisez d\u00e9j\u00e0. Vous n&rsquo;avez pas besoin d&rsquo;abandonner votre jeu ou de quitter ce que vous \u00eates en train de faire.<\/p>\n<h3>Comment mettre \u00e0 jour l&rsquo;application Slotrize Casino ?<\/h3>\n<p>Les mises \u00e0 jour se font automatiquement avec l&rsquo;application web progressive. Slotrize Casino envoie les mises \u00e0 jour depuis nos serveurs, de sorte que la prochaine fois que vous ouvrirez l&rsquo;application, vous disposerez d\u00e9j\u00e0 de la derni\u00e8re version. Vous n&rsquo;avez rien \u00e0 t\u00e9l\u00e9charger, aucune autorisation de l&rsquo;App Store \u00e0 attendre, aucune notification vous incitant \u00e0 installer quelque chose. L&rsquo;application reste automatiquement \u00e0 jour pendant que vous \u00eates occup\u00e9 \u00e0 faire autre chose.<\/p>\n<\/div><\/div><\/p>\n","protected":false},"excerpt":{"rendered":"<p>Slot Rize sur les appareils mobiles Slotrize App est une plateforme de casino mobile qui vous donne acc\u00e8s \u00e0 des milliers de machines \u00e0 sous en ligne, de jeux avec croupier en direct et \u00e0 tout le reste sans vous donner l&rsquo;impression de vous contenter d&rsquo;une version mobile \u00e9dulcor\u00e9e. Vous b\u00e9n\u00e9ficiez d&rsquo;une exp\u00e9rience authentique, optimis\u00e9e [&hellip;]<\/p>\n","protected":false},"author":11,"featured_media":0,"parent":0,"menu_order":0,"comment_status":"closed","ping_status":"closed","template":"template-builder.php","meta":{"_acf_changed":false,"inline_featured_image":false,"footnotes":""},"class_list":["post-1414","page","type-page","status-publish","hentry"],"acf":[],"yoast_head":"<!-- This site is optimized with the Yoast SEO plugin v24.4 - https:\/\/yoast.com\/wordpress\/plugins\/seo\/ -->\n<title>Slotrize App T\u00e9l\u00e9chargement | iOS et Android<\/title>\n<meta name=\"description\" content=\"L&#039;application Slotrize garantit une exp\u00e9rience de jeu fluide sur les plateformes Android, iOS, Windows et macOS, avec synchronisation des comptes, mises \u00e0 jour r\u00e9guli\u00e8res et assistance client int\u00e9gr\u00e9e pour une utilisation simplifi\u00e9e.\" \/>\n<meta name=\"robots\" content=\"index, follow, max-snippet:-1, max-image-preview:large, max-video-preview:-1\" \/>\n<link rel=\"canonical\" href=\"https:\/\/slotrizecasino.org\/fr\/app\/\" \/>\n<meta property=\"og:locale\" content=\"fr_FR\" \/>\n<meta property=\"og:type\" content=\"article\" \/>\n<meta property=\"og:title\" content=\"Slotrize App T\u00e9l\u00e9chargement | iOS et Android\" \/>\n<meta property=\"og:description\" content=\"L&#039;application Slotrize garantit une exp\u00e9rience de jeu fluide sur les plateformes Android, iOS, Windows et macOS, avec synchronisation des comptes, mises \u00e0 jour r\u00e9guli\u00e8res et assistance client int\u00e9gr\u00e9e pour une utilisation simplifi\u00e9e.\" \/>\n<meta property=\"og:url\" content=\"https:\/\/slotrizecasino.org\/fr\/app\/\" \/>\n<meta property=\"og:site_name\" content=\"Slotrize\" \/>\n<meta property=\"article:modified_time\" content=\"2026-02-09T13:58:16+00:00\" \/>\n<meta name=\"twitter:card\" content=\"summary_large_image\" \/>\n<meta name=\"twitter:label1\" content=\"Dur\u00e9e de lecture estim\u00e9e\" \/>\n\t<meta name=\"twitter:data1\" content=\"2 minutes\" \/>\n<script type=\"application\/ld+json\" class=\"yoast-schema-graph\">{\"@context\":\"https:\/\/schema.org\",\"@graph\":[{\"@type\":\"WebPage\",\"@id\":\"https:\/\/slotrizecasino.org\/fr\/app\/\",\"url\":\"https:\/\/slotrizecasino.org\/fr\/app\/\",\"name\":\"Slotrize App T\u00e9l\u00e9chargement | iOS et Android\",\"isPartOf\":{\"@id\":\"https:\/\/slotrizecasino.org\/fr\/#website\"},\"datePublished\":\"2026-02-06T15:05:04+00:00\",\"dateModified\":\"2026-02-09T13:58:16+00:00\",\"description\":\"L'application Slotrize garantit une exp\u00e9rience de jeu fluide sur les plateformes Android, iOS, Windows et macOS, avec synchronisation des comptes, mises \u00e0 jour r\u00e9guli\u00e8res et assistance client int\u00e9gr\u00e9e pour une utilisation simplifi\u00e9e.\",\"breadcrumb\":{\"@id\":\"https:\/\/slotrizecasino.org\/fr\/app\/#breadcrumb\"},\"inLanguage\":\"fr-FR\",\"potentialAction\":[{\"@type\":\"ReadAction\",\"target\":[\"https:\/\/slotrizecasino.org\/fr\/app\/\"]}]},{\"@type\":\"BreadcrumbList\",\"@id\":\"https:\/\/slotrizecasino.org\/fr\/app\/#breadcrumb\",\"itemListElement\":[{\"@type\":\"ListItem\",\"position\":1,\"name\":\"Slotrize\",\"item\":\"https:\/\/slotrizecasino.org\/fr\/\"},{\"@type\":\"ListItem\",\"position\":2,\"name\":\"App\"}]},{\"@type\":\"WebSite\",\"@id\":\"https:\/\/slotrizecasino.org\/fr\/#website\",\"url\":\"https:\/\/slotrizecasino.org\/fr\/\",\"name\":\"Slotrize\",\"description\":\"\",\"publisher\":{\"@id\":\"https:\/\/slotrizecasino.org\/fr\/#organization\"},\"potentialAction\":[{\"@type\":\"SearchAction\",\"target\":{\"@type\":\"EntryPoint\",\"urlTemplate\":\"https:\/\/slotrizecasino.org\/fr\/?s={search_term_string}\"},\"query-input\":{\"@type\":\"PropertyValueSpecification\",\"valueRequired\":true,\"valueName\":\"search_term_string\"}}],\"inLanguage\":\"fr-FR\"},{\"@type\":\"Organization\",\"@id\":\"https:\/\/slotrizecasino.org\/fr\/#organization\",\"name\":\"Slotrize\",\"url\":\"https:\/\/slotrizecasino.org\/fr\/\",\"logo\":{\"@type\":\"ImageObject\",\"inLanguage\":\"fr-FR\",\"@id\":\"https:\/\/slotrizecasino.org\/fr\/#\/schema\/logo\/image\/\",\"url\":\"https:\/\/slotrizecasino.org\/wp-content\/uploads\/2026\/02\/Slotrize-logo.svg\",\"contentUrl\":\"https:\/\/slotrizecasino.org\/wp-content\/uploads\/2026\/02\/Slotrize-logo.svg\",\"width\":54,\"height\":27,\"caption\":\"Slotrize\"},\"image\":{\"@id\":\"https:\/\/slotrizecasino.org\/fr\/#\/schema\/logo\/image\/\"}}]}<\/script>\n<!-- \/ Yoast SEO plugin. -->","yoast_head_json":{"title":"Slotrize App T\u00e9l\u00e9chargement | iOS et Android","description":"L'application Slotrize garantit une exp\u00e9rience de jeu fluide sur les plateformes Android, iOS, Windows et macOS, avec synchronisation des comptes, mises \u00e0 jour r\u00e9guli\u00e8res et assistance client int\u00e9gr\u00e9e pour une utilisation simplifi\u00e9e.","robots":{"index":"index","follow":"follow","max-snippet":"max-snippet:-1","max-image-preview":"max-image-preview:large","max-video-preview":"max-video-preview:-1"},"canonical":"https:\/\/slotrizecasino.org\/fr\/app\/","og_locale":"fr_FR","og_type":"article","og_title":"Slotrize App T\u00e9l\u00e9chargement | iOS et Android","og_description":"L'application Slotrize garantit une exp\u00e9rience de jeu fluide sur les plateformes Android, iOS, Windows et macOS, avec synchronisation des comptes, mises \u00e0 jour r\u00e9guli\u00e8res et assistance client int\u00e9gr\u00e9e pour une utilisation simplifi\u00e9e.","og_url":"https:\/\/slotrizecasino.org\/fr\/app\/","og_site_name":"Slotrize","article_modified_time":"2026-02-09T13:58:16+00:00","twitter_card":"summary_large_image","twitter_misc":{"Dur\u00e9e de lecture estim\u00e9e":"2 minutes"},"schema":{"@context":"https:\/\/schema.org","@graph":[{"@type":"WebPage","@id":"https:\/\/slotrizecasino.org\/fr\/app\/","url":"https:\/\/slotrizecasino.org\/fr\/app\/","name":"Slotrize App T\u00e9l\u00e9chargement | iOS et Android","isPartOf":{"@id":"https:\/\/slotrizecasino.org\/fr\/#website"},"datePublished":"2026-02-06T15:05:04+00:00","dateModified":"2026-02-09T13:58:16+00:00","description":"L'application Slotrize garantit une exp\u00e9rience de jeu fluide sur les plateformes Android, iOS, Windows et macOS, avec synchronisation des comptes, mises \u00e0 jour r\u00e9guli\u00e8res et assistance client int\u00e9gr\u00e9e pour une utilisation simplifi\u00e9e.","breadcrumb":{"@id":"https:\/\/slotrizecasino.org\/fr\/app\/#breadcrumb"},"inLanguage":"fr-FR","potentialAction":[{"@type":"ReadAction","target":["https:\/\/slotrizecasino.org\/fr\/app\/"]}]},{"@type":"BreadcrumbList","@id":"https:\/\/slotrizecasino.org\/fr\/app\/#breadcrumb","itemListElement":[{"@type":"ListItem","position":1,"name":"Slotrize","item":"https:\/\/slotrizecasino.org\/fr\/"},{"@type":"ListItem","position":2,"name":"App"}]},{"@type":"WebSite","@id":"https:\/\/slotrizecasino.org\/fr\/#website","url":"https:\/\/slotrizecasino.org\/fr\/","name":"Slotrize","description":"","publisher":{"@id":"https:\/\/slotrizecasino.org\/fr\/#organization"},"potentialAction":[{"@type":"SearchAction","target":{"@type":"EntryPoint","urlTemplate":"https:\/\/slotrizecasino.org\/fr\/?s={search_term_string}"},"query-input":{"@type":"PropertyValueSpecification","valueRequired":true,"valueName":"search_term_string"}}],"inLanguage":"fr-FR"},{"@type":"Organization","@id":"https:\/\/slotrizecasino.org\/fr\/#organization","name":"Slotrize","url":"https:\/\/slotrizecasino.org\/fr\/","logo":{"@type":"ImageObject","inLanguage":"fr-FR","@id":"https:\/\/slotrizecasino.org\/fr\/#\/schema\/logo\/image\/","url":"https:\/\/slotrizecasino.org\/wp-content\/uploads\/2026\/02\/Slotrize-logo.svg","contentUrl":"https:\/\/slotrizecasino.org\/wp-content\/uploads\/2026\/02\/Slotrize-logo.svg","width":54,"height":27,"caption":"Slotrize"},"image":{"@id":"https:\/\/slotrizecasino.org\/fr\/#\/schema\/logo\/image\/"}}]}},"_links":{"self":[{"href":"https:\/\/slotrizecasino.org\/fr\/wp-json\/wp\/v2\/pages\/1414"}],"collection":[{"href":"https:\/\/slotrizecasino.org\/fr\/wp-json\/wp\/v2\/pages"}],"about":[{"href":"https:\/\/slotrizecasino.org\/fr\/wp-json\/wp\/v2\/types\/page"}],"author":[{"embeddable":true,"href":"https:\/\/slotrizecasino.org\/fr\/wp-json\/wp\/v2\/users\/11"}],"replies":[{"embeddable":true,"href":"https:\/\/slotrizecasino.org\/fr\/wp-json\/wp\/v2\/comments?post=1414"}],"version-history":[{"count":5,"href":"https:\/\/slotrizecasino.org\/fr\/wp-json\/wp\/v2\/pages\/1414\/revisions"}],"predecessor-version":[{"id":1831,"href":"https:\/\/slotrizecasino.org\/fr\/wp-json\/wp\/v2\/pages\/1414\/revisions\/1831"}],"wp:attachment":[{"href":"https:\/\/slotrizecasino.org\/fr\/wp-json\/wp\/v2\/media?parent=1414"}],"curies":[{"name":"wp","href":"https:\/\/api.w.org\/{rel}","templated":true}]}}