{"id":1461,"date":"2026-02-09T06:54:01","date_gmt":"2026-02-09T06:54:01","guid":{"rendered":"https:\/\/slotrizecasino.org\/login-and-registration\/"},"modified":"2026-02-09T08:12:29","modified_gmt":"2026-02-09T08:12:29","slug":"inicio-de-sesion-y-registro","status":"publish","type":"page","link":"https:\/\/slotrizecasino.org\/es\/inicio-de-sesion-y-registro\/","title":{"rendered":"Inicio de sesi\u00f3n y Registro"},"content":{"rendered":"<h1>Inicio de sesi\u00f3n, registro y gesti\u00f3n de cuentas en Slotrize<\/h1>\n<p>El Slotrize login sistema es muy sencillo: introduce tu informaci\u00f3n, pulsa Intro y ya est\u00e1. Una vez que los jugadores espa\u00f1oles pasan esa pantalla de inicio de sesi\u00f3n, lo tienen todo a su alcance: miles de juegos, las promociones en curso, su historial completo de transacciones y todas las herramientas de cuenta que necesitan.<\/p>\n<p><div class=\"banner-wrap\" aria-label=\"Banner\"><img src=\"https:\/\/slotrizecasino.org\/wp-content\/uploads\/2026\/02\/Desktop-banner-scaled-1.webp\" class=\"w-100 d-none d-lg-block img-pc main-banner-img\" alt=\"Desktop banner scaled\" fetchpriority=\"high\" decoding=\"async\"><img src=\"https:\/\/slotrizecasino.org\/wp-content\/uploads\/2026\/02\/Mobile-banner.webp\" class=\"w-100 d-none d-md-block d-lg-none main-banner-img\" alt=\"Mobile banner\" fetchpriority=\"high\" decoding=\"async\"><img src=\"https:\/\/slotrizecasino.org\/wp-content\/uploads\/2026\/02\/Mobile-banner.webp\" class=\"w-100 d-md-none\" alt=\"Mobile banner\" fetchpriority=\"high\" decoding=\"async\"><div class=\"banner-description\">\n<div class=\"banner-title\">Bonos de bienvenida<\/div>\n<p class=\"banner-header-title\">1500 \u20ac<\/p>\n<div class=\"banner-header-AdditionalText\">+ 150 Tiradas gratis<\/div>\n<button data-item=\"homepage_banner_link\" class=\"goto m-button m-gradient-border m-button--primary m-button--large banner-button btn-orange\">\n            <div class=\"m-button-content\">\n                <span>Reg\u00edstrate ahora<\/span>\n                <span><\/span>\n            <\/div>\n        <\/button>\n<\/div>\n<div class=\"WelcomePack\">\n<p><img loading=\"lazy\" decoding=\"async\" class=\"alignnone size-full wp-image-1340\" src=\"https:\/\/slotrizecasino.org\/wp-content\/uploads\/2026\/02\/welcome-crown.svg\" alt=\"welcome crown\" width=\"25\" height=\"26\" \/><\/p>\n<div class=\"WelcomePack-Info\">Reembolso semanal de hasta el 25 %<\/div>\n<p><img loading=\"lazy\" decoding=\"async\" class=\"alignnone size-full wp-image-1340\" src=\"https:\/\/slotrizecasino.org\/wp-content\/uploads\/2026\/02\/welcome-crown.svg\" alt=\"welcome crown\" width=\"25\" height=\"26\" \/><\/p>\n<\/div>\n<\/div><div class=\"scrollable-content-wrap my-5\"><div class=\"scrollable-content-inner\"><h2>Registro de nuevos usuarios en Slot Rize<\/h2>\n<p>El registro en Slotrize te da acceso a toda la plataforma. Despu\u00e9s, tendr\u00e1s acceso a una enorme biblioteca de juegos que no deja de ampliarse con nuevas tragamonedas, juegos de mesa y acci\u00f3n con crupier en vivo. Se desbloquean promociones, hay torneos disponibles y empiezas a acumular puntos de fidelidad desde tu primera apuesta. Slotrize Casino sigue las normas de juego responsable, por lo que debes tener 18 a\u00f1os o m\u00e1s para registrarte, algo bastante habitual en cualquier plataforma leg\u00edtima.<\/p>\n<h3>Crea tu cuenta<\/h3>\n<p>Crear una cuenta en Slotrize lleva lo mismo que pedir un caf\u00e9. En Slot Rize Casino, te pedimos tu correo electr\u00f3nico, una contrase\u00f1a y algunos datos personales b\u00e1sicos. No tendr\u00e1s que rellenar un mont\u00f3n de formularios ni pasar por extra\u00f1os procesos de verificaci\u00f3n.<\/p>\n<p>Tu cuenta incluye herramientas para establecer l\u00edmites de juego personales, realizar un seguimiento de tus gastos y utilizar funciones de juego responsable que te ayudan a mantener todo bajo control. El panel de control lo agrupa todo de forma l\u00f3gica.<\/p>\n<h2>Gesti\u00f3n de una cuenta Slotrize<\/h2>\n<p>El inicio de sesi\u00f3n en Slotrize sigue el patr\u00f3n habitual:<\/p>\n<ol>\n<li>Busca el cuadro de inicio de sesi\u00f3n en la parte superior derecha de la p\u00e1gina de inicio.<\/li>\n<li>Introduce tu correo electr\u00f3nico y contrase\u00f1a registrados, prestando atenci\u00f3n a los errores tipogr\u00e1ficos, ya que estos, obviamente, impedir\u00e1n que puedas iniciar sesi\u00f3n en Slotrize.<\/li>\n<li>Haz clic en el bot\u00f3n de inicio de sesi\u00f3n.<\/li>\n<\/ol>\n<p>Una vez que haya iniciado sesi\u00f3n correctamente en Slot Rize, el panel de control le mostrar\u00e1 toda la informaci\u00f3n de forma clara. Las opciones de dep\u00f3sito, su historial de bonificaciones, los retiros pendientes, los l\u00edmites de juego y los registros de transacciones se encuentran en secciones organizadas. Si desea una seguridad adicional, dispone de la autenticaci\u00f3n de dos factores.<\/p>\n<h3>\u00bfHa olvidado su contrase\u00f1a?<\/h3>\n<p>Si ha olvidado la contrase\u00f1a, solo tiene que pulsar el bot\u00f3n \u00ab\u00bfHa olvidado la contrase\u00f1a?\u00bb y seguir los pasos de recuperaci\u00f3n. Recibir\u00e1 un correo electr\u00f3nico de restablecimiento, haga clic en ese enlace y elija una nueva contrase\u00f1a. Elija una contrase\u00f1a segura que combine letras, n\u00fameros y s\u00edmbolos. Todo el proceso dura entre tres y cinco minutos desde el principio hasta el final. Una vez que haya establecido la nueva contrase\u00f1a, podr\u00e1 iniciar sesi\u00f3n inmediatamente con las nuevas credenciales.<\/p>\n<h3>Verificaci\u00f3n de la cuenta y medidas de seguridad de Slotrize Casino<\/h3>\n<p>Antes de que Slot Rize procese cualquier retirada, necesitamos verificar su cuenta. Esto significa enviar documentos oficiales que demuestren su identidad, edad y lugar de residencia. Un documento de identidad emitido por el gobierno cubre la parte de la identidad. Una factura reciente de servicios p\u00fablicos o un extracto bancario sirven para confirmar la direcci\u00f3n.<\/p>\n<p>Los documentos deben ser legibles, no estar alterados y estar actualizados. Puede ocultar transacciones individuales y su saldo; Slotrize Casino solo necesita que su nombre y direcci\u00f3n sean visibles. El proceso de verificaci\u00f3n suele completarse en un plazo de 48 horas una vez que haya enviado todo. El equipo de asistencia se encarga de estas revisiones con asistencia multiling\u00fce disponible, por lo que las diferencias ling\u00fc\u00edsticas no ralentizan el proceso.<\/p>\n<p>Si la verificaci\u00f3n tarda m\u00e1s de lo esperado o si te preguntas qu\u00e9 est\u00e1 pasando, puedes ponerte en contacto con nosotros a trav\u00e9s del chat en vivo o del correo electr\u00f3nico para obtener respuestas r\u00e1pidas. Todo este proceso de verificaci\u00f3n existe debido a requisitos legales y para proteger tu cuenta de retiradas fraudulentas. La verificaci\u00f3n de la cuenta no es la \u00fanica medida de seguridad que utiliza Slotrize.<\/p>\n<table>\n<tbody>\n<tr>\n<td>Caracter\u00edstica de seguridad<\/td>\n<td>Qu\u00e9 hace<\/td>\n<\/tr>\n<tr>\n<td>Autenticaci\u00f3n de dos factores<\/td>\n<td>Te obliga a introducir un c\u00f3digo secundario durante el inicio de sesi\u00f3n en Slotrize, que se env\u00eda a tu tel\u00e9fono o correo electr\u00f3nico.<\/td>\n<\/tr>\n<tr>\n<td>Verificaci\u00f3n de documentos<\/td>\n<td>Confirma su identidad mediante documentaci\u00f3n oficial antes de permitir que se realicen retiradas de fondos.<\/td>\n<\/tr>\n<tr>\n<td>Supervisi\u00f3n de la actividad<\/td>\n<td>Supervisa tus patrones de inicio de sesi\u00f3n y marca autom\u00e1ticamente cualquier cosa que parezca sospechosa.<\/td>\n<\/tr>\n<\/tbody>\n<\/table>\n<h2>Preguntas frecuentes<\/h2>\n<h3>\u00bfC\u00f3mo actualizo mi contrase\u00f1a o direcci\u00f3n de correo electr\u00f3nico?<\/h3>\n<p>El cambio de contrase\u00f1a o correo electr\u00f3nico se realiza a trav\u00e9s de la configuraci\u00f3n de tu cuenta, que encontrar\u00e1s despu\u00e9s de iniciar sesi\u00f3n en Slotrize. Dir\u00edgete a tu perfil o a la secci\u00f3n de gesti\u00f3n de la cuenta, que suele estar claramente indicada en el men\u00fa del panel de control. Para cambiar la contrase\u00f1a, primero tendr\u00e1s que introducir tu contrase\u00f1a actual y, a continuaci\u00f3n, escribir la nueva dos veces para confirmar que no has cometido ning\u00fan error tipogr\u00e1fico. Elige una contrase\u00f1a segura que no utilices en otros sitios web.<\/p>\n<p>La actualizaci\u00f3n de tu correo electr\u00f3nico se realiza de forma similar a trav\u00e9s de la configuraci\u00f3n de la cuenta. Introduce la nueva direcci\u00f3n de correo electr\u00f3nico y Slotrize Casino te enviar\u00e1 un enlace de verificaci\u00f3n a esa direcci\u00f3n para confirmar que realmente es tuya. Haz clic en ese enlace y el cambio se har\u00e1 efectivo.<\/p>\n<h3>\u00bfQu\u00e9 debo hacer si mi cuenta est\u00e1 bloqueada?<\/h3>\n<p>No te asustes y ponte en contacto con el equipo de asistencia a trav\u00e9s del chat en vivo si puedes acceder a \u00e9l, o env\u00eda un correo electr\u00f3nico a nuestra direcci\u00f3n de asistencia si el chat en vivo no est\u00e1 disponible mientras est\u00e1s bloqueado.<\/p>\n<p>El equipo de asistencia te pedir\u00e1 que verifiques tu identidad, probablemente con algunas preguntas de seguridad sobre tu cuenta, y tal vez te solicite documentos si el bloqueo parece estar relacionado con el proceso de verificaci\u00f3n. Una vez que confirmen que realmente eres t\u00fa y no alguien que intenta acceder a tu cuenta, investigar\u00e1n qu\u00e9 ha provocado el bloqueo y restablecer\u00e1n tu acceso.<\/p>\n<\/div><\/div><\/p>\n","protected":false},"excerpt":{"rendered":"<p>Inicio de sesi\u00f3n, registro y gesti\u00f3n de cuentas en Slotrize El Slotrize login sistema es muy sencillo: introduce tu informaci\u00f3n, pulsa Intro y ya est\u00e1. Una vez que los jugadores espa\u00f1oles pasan esa pantalla de inicio de sesi\u00f3n, lo tienen todo a su alcance: miles de juegos, las promociones en curso, su historial completo de [&hellip;]<\/p>\n","protected":false},"author":11,"featured_media":0,"parent":0,"menu_order":0,"comment_status":"closed","ping_status":"closed","template":"template-builder.php","meta":{"_acf_changed":false,"inline_featured_image":false,"footnotes":""},"class_list":["post-1461","page","type-page","status-publish","hentry"],"acf":[],"yoast_head":"<!-- This site is optimized with the Yoast SEO plugin v24.4 - https:\/\/yoast.com\/wordpress\/plugins\/seo\/ -->\n<title>Slotrize Inicio de sesi\u00f3n : registrarse y gestionar la cuenta<\/title>\n<meta name=\"description\" content=\"Cree, gestione y verifique f\u00e1cilmente su cuenta de Slotrize Casino con un registro r\u00e1pido, una recuperaci\u00f3n de cuenta sin complicaciones y un cierre de cuenta seguro, lo que garantiza una protecci\u00f3n 24\/7 a trav\u00e9s de Slotrize Login.\" \/>\n<meta name=\"robots\" content=\"index, follow, max-snippet:-1, max-image-preview:large, max-video-preview:-1\" \/>\n<link rel=\"canonical\" href=\"https:\/\/slotrizecasino.org\/es\/inicio-de-sesion-y-registro\/\" \/>\n<meta property=\"og:locale\" content=\"es_ES\" \/>\n<meta property=\"og:type\" content=\"article\" \/>\n<meta property=\"og:title\" content=\"Slotrize Inicio de sesi\u00f3n : registrarse y gestionar la cuenta\" \/>\n<meta property=\"og:description\" content=\"Cree, gestione y verifique f\u00e1cilmente su cuenta de Slotrize Casino con un registro r\u00e1pido, una recuperaci\u00f3n de cuenta sin complicaciones y un cierre de cuenta seguro, lo que garantiza una protecci\u00f3n 24\/7 a trav\u00e9s de Slotrize Login.\" \/>\n<meta property=\"og:url\" content=\"https:\/\/slotrizecasino.org\/es\/inicio-de-sesion-y-registro\/\" \/>\n<meta property=\"og:site_name\" content=\"Slotrize\" \/>\n<meta property=\"article:modified_time\" content=\"2026-02-09T08:12:29+00:00\" \/>\n<meta name=\"twitter:card\" content=\"summary_large_image\" \/>\n<meta name=\"twitter:label1\" content=\"Est. reading time\" \/>\n\t<meta name=\"twitter:data1\" content=\"1 minuto\" \/>\n<script type=\"application\/ld+json\" class=\"yoast-schema-graph\">{\"@context\":\"https:\/\/schema.org\",\"@graph\":[{\"@type\":\"WebPage\",\"@id\":\"https:\/\/slotrizecasino.org\/es\/inicio-de-sesion-y-registro\/\",\"url\":\"https:\/\/slotrizecasino.org\/es\/inicio-de-sesion-y-registro\/\",\"name\":\"Slotrize Inicio de sesi\u00f3n : registrarse y gestionar la cuenta\",\"isPartOf\":{\"@id\":\"https:\/\/slotrizecasino.org\/es\/#website\"},\"datePublished\":\"2026-02-09T06:54:01+00:00\",\"dateModified\":\"2026-02-09T08:12:29+00:00\",\"description\":\"Cree, gestione y verifique f\u00e1cilmente su cuenta de Slotrize Casino con un registro r\u00e1pido, una recuperaci\u00f3n de cuenta sin complicaciones y un cierre de cuenta seguro, lo que garantiza una protecci\u00f3n 24\/7 a trav\u00e9s de Slotrize Login.\",\"breadcrumb\":{\"@id\":\"https:\/\/slotrizecasino.org\/es\/inicio-de-sesion-y-registro\/#breadcrumb\"},\"inLanguage\":\"es\",\"potentialAction\":[{\"@type\":\"ReadAction\",\"target\":[\"https:\/\/slotrizecasino.org\/es\/inicio-de-sesion-y-registro\/\"]}]},{\"@type\":\"BreadcrumbList\",\"@id\":\"https:\/\/slotrizecasino.org\/es\/inicio-de-sesion-y-registro\/#breadcrumb\",\"itemListElement\":[{\"@type\":\"ListItem\",\"position\":1,\"name\":\"Slotrize\",\"item\":\"https:\/\/slotrizecasino.org\/es\/\"},{\"@type\":\"ListItem\",\"position\":2,\"name\":\"Inicio de sesi\u00f3n y Registro\"}]},{\"@type\":\"WebSite\",\"@id\":\"https:\/\/slotrizecasino.org\/es\/#website\",\"url\":\"https:\/\/slotrizecasino.org\/es\/\",\"name\":\"Slotrize\",\"description\":\"\",\"publisher\":{\"@id\":\"https:\/\/slotrizecasino.org\/es\/#organization\"},\"potentialAction\":[{\"@type\":\"SearchAction\",\"target\":{\"@type\":\"EntryPoint\",\"urlTemplate\":\"https:\/\/slotrizecasino.org\/es\/?s={search_term_string}\"},\"query-input\":{\"@type\":\"PropertyValueSpecification\",\"valueRequired\":true,\"valueName\":\"search_term_string\"}}],\"inLanguage\":\"es\"},{\"@type\":\"Organization\",\"@id\":\"https:\/\/slotrizecasino.org\/es\/#organization\",\"name\":\"Slotrize\",\"url\":\"https:\/\/slotrizecasino.org\/es\/\",\"logo\":{\"@type\":\"ImageObject\",\"inLanguage\":\"es\",\"@id\":\"https:\/\/slotrizecasino.org\/es\/#\/schema\/logo\/image\/\",\"url\":\"https:\/\/slotrizecasino.org\/wp-content\/uploads\/2026\/02\/Slotrize-logo.svg\",\"contentUrl\":\"https:\/\/slotrizecasino.org\/wp-content\/uploads\/2026\/02\/Slotrize-logo.svg\",\"width\":54,\"height\":27,\"caption\":\"Slotrize\"},\"image\":{\"@id\":\"https:\/\/slotrizecasino.org\/es\/#\/schema\/logo\/image\/\"}}]}<\/script>\n<!-- \/ Yoast SEO plugin. -->","yoast_head_json":{"title":"Slotrize Inicio de sesi\u00f3n : registrarse y gestionar la cuenta","description":"Cree, gestione y verifique f\u00e1cilmente su cuenta de Slotrize Casino con un registro r\u00e1pido, una recuperaci\u00f3n de cuenta sin complicaciones y un cierre de cuenta seguro, lo que garantiza una protecci\u00f3n 24\/7 a trav\u00e9s de Slotrize Login.","robots":{"index":"index","follow":"follow","max-snippet":"max-snippet:-1","max-image-preview":"max-image-preview:large","max-video-preview":"max-video-preview:-1"},"canonical":"https:\/\/slotrizecasino.org\/es\/inicio-de-sesion-y-registro\/","og_locale":"es_ES","og_type":"article","og_title":"Slotrize Inicio de sesi\u00f3n : registrarse y gestionar la cuenta","og_description":"Cree, gestione y verifique f\u00e1cilmente su cuenta de Slotrize Casino con un registro r\u00e1pido, una recuperaci\u00f3n de cuenta sin complicaciones y un cierre de cuenta seguro, lo que garantiza una protecci\u00f3n 24\/7 a trav\u00e9s de Slotrize Login.","og_url":"https:\/\/slotrizecasino.org\/es\/inicio-de-sesion-y-registro\/","og_site_name":"Slotrize","article_modified_time":"2026-02-09T08:12:29+00:00","twitter_card":"summary_large_image","twitter_misc":{"Est. reading time":"1 minuto"},"schema":{"@context":"https:\/\/schema.org","@graph":[{"@type":"WebPage","@id":"https:\/\/slotrizecasino.org\/es\/inicio-de-sesion-y-registro\/","url":"https:\/\/slotrizecasino.org\/es\/inicio-de-sesion-y-registro\/","name":"Slotrize Inicio de sesi\u00f3n : registrarse y gestionar la cuenta","isPartOf":{"@id":"https:\/\/slotrizecasino.org\/es\/#website"},"datePublished":"2026-02-09T06:54:01+00:00","dateModified":"2026-02-09T08:12:29+00:00","description":"Cree, gestione y verifique f\u00e1cilmente su cuenta de Slotrize Casino con un registro r\u00e1pido, una recuperaci\u00f3n de cuenta sin complicaciones y un cierre de cuenta seguro, lo que garantiza una protecci\u00f3n 24\/7 a trav\u00e9s de Slotrize Login.","breadcrumb":{"@id":"https:\/\/slotrizecasino.org\/es\/inicio-de-sesion-y-registro\/#breadcrumb"},"inLanguage":"es","potentialAction":[{"@type":"ReadAction","target":["https:\/\/slotrizecasino.org\/es\/inicio-de-sesion-y-registro\/"]}]},{"@type":"BreadcrumbList","@id":"https:\/\/slotrizecasino.org\/es\/inicio-de-sesion-y-registro\/#breadcrumb","itemListElement":[{"@type":"ListItem","position":1,"name":"Slotrize","item":"https:\/\/slotrizecasino.org\/es\/"},{"@type":"ListItem","position":2,"name":"Inicio de sesi\u00f3n y Registro"}]},{"@type":"WebSite","@id":"https:\/\/slotrizecasino.org\/es\/#website","url":"https:\/\/slotrizecasino.org\/es\/","name":"Slotrize","description":"","publisher":{"@id":"https:\/\/slotrizecasino.org\/es\/#organization"},"potentialAction":[{"@type":"SearchAction","target":{"@type":"EntryPoint","urlTemplate":"https:\/\/slotrizecasino.org\/es\/?s={search_term_string}"},"query-input":{"@type":"PropertyValueSpecification","valueRequired":true,"valueName":"search_term_string"}}],"inLanguage":"es"},{"@type":"Organization","@id":"https:\/\/slotrizecasino.org\/es\/#organization","name":"Slotrize","url":"https:\/\/slotrizecasino.org\/es\/","logo":{"@type":"ImageObject","inLanguage":"es","@id":"https:\/\/slotrizecasino.org\/es\/#\/schema\/logo\/image\/","url":"https:\/\/slotrizecasino.org\/wp-content\/uploads\/2026\/02\/Slotrize-logo.svg","contentUrl":"https:\/\/slotrizecasino.org\/wp-content\/uploads\/2026\/02\/Slotrize-logo.svg","width":54,"height":27,"caption":"Slotrize"},"image":{"@id":"https:\/\/slotrizecasino.org\/es\/#\/schema\/logo\/image\/"}}]}},"_links":{"self":[{"href":"https:\/\/slotrizecasino.org\/es\/wp-json\/wp\/v2\/pages\/1461"}],"collection":[{"href":"https:\/\/slotrizecasino.org\/es\/wp-json\/wp\/v2\/pages"}],"about":[{"href":"https:\/\/slotrizecasino.org\/es\/wp-json\/wp\/v2\/types\/page"}],"author":[{"embeddable":true,"href":"https:\/\/slotrizecasino.org\/es\/wp-json\/wp\/v2\/users\/11"}],"replies":[{"embeddable":true,"href":"https:\/\/slotrizecasino.org\/es\/wp-json\/wp\/v2\/comments?post=1461"}],"version-history":[{"count":2,"href":"https:\/\/slotrizecasino.org\/es\/wp-json\/wp\/v2\/pages\/1461\/revisions"}],"predecessor-version":[{"id":1501,"href":"https:\/\/slotrizecasino.org\/es\/wp-json\/wp\/v2\/pages\/1461\/revisions\/1501"}],"wp:attachment":[{"href":"https:\/\/slotrizecasino.org\/es\/wp-json\/wp\/v2\/media?parent=1461"}],"curies":[{"name":"wp","href":"https:\/\/api.w.org\/{rel}","templated":true}]}}