{"id":1423,"date":"2026-02-06T15:05:04","date_gmt":"2026-02-06T15:05:04","guid":{"rendered":"https:\/\/slotrizecasino.org\/app-2\/"},"modified":"2026-02-09T14:10:30","modified_gmt":"2026-02-09T14:10:30","slug":"aplicacion","status":"publish","type":"page","link":"https:\/\/slotrizecasino.org\/es\/aplicacion\/","title":{"rendered":"Aplicaci\u00f3n"},"content":{"rendered":"<h1>Slot Rize en dispositivos m\u00f3viles<\/h1>\n<p>Slotrize App es una plataforma de casino m\u00f3vil que te da acceso a miles de tragamonedas en l\u00ednea, juegos con crupier en vivo y todo lo dem\u00e1s sin que sientas que te est\u00e1s conformando con una versi\u00f3n m\u00f3vil diluida. Los jugadores espa\u00f1oles obtienen lo aut\u00e9ntico, solo que optimizado para cualquier tel\u00e9fono o tableta que tengas.<\/p>\n<div class=\"banner-wrap\" aria-label=\"Banner\"><img src=\"https:\/\/slotrizecasino.org\/wp-content\/uploads\/2026\/02\/Desktop-banner-scaled-1.webp\" class=\"w-100 d-none d-lg-block img-pc main-banner-img\" alt=\"Desktop banner scaled\" fetchpriority=\"high\" decoding=\"async\"><img src=\"https:\/\/slotrizecasino.org\/wp-content\/uploads\/2026\/02\/Mobile-banner.webp\" class=\"w-100 d-none d-md-block d-lg-none main-banner-img\" alt=\"Mobile banner\" fetchpriority=\"high\" decoding=\"async\"><img src=\"https:\/\/slotrizecasino.org\/wp-content\/uploads\/2026\/02\/Mobile-banner.webp\" class=\"w-100 d-md-none\" alt=\"Mobile banner\" fetchpriority=\"high\" decoding=\"async\"><div class=\"banner-description\">\n<div class=\"banner-title\">Bonos de bienvenida<\/div>\n<p class=\"banner-header-title\">1500 \u20ac<\/p>\n<div class=\"banner-header-AdditionalText\">+ 150 Tiradas gratis<\/div>\n<button data-item=\"homepage_banner_link\" class=\"goto m-button m-gradient-border m-button--primary m-button--large banner-button btn-orange\">\n            <div class=\"m-button-content\">\n                <span>Reg\u00edstrate ahora<\/span>\n                <span><\/span>\n            <\/div>\n        <\/button>\n<\/div>\n<div class=\"WelcomePack\">\n<p><img loading=\"lazy\" decoding=\"async\" class=\"alignnone size-full wp-image-1340\" src=\"https:\/\/slotrizecasino.org\/wp-content\/uploads\/2026\/02\/welcome-crown.svg\" alt=\"welcome crown\" width=\"25\" height=\"26\" \/><\/p>\n<div class=\"WelcomePack-Info\">Reembolso semanal de hasta el 25 %<\/div>\n<p><img loading=\"lazy\" decoding=\"async\" class=\"alignnone size-full wp-image-1340\" src=\"https:\/\/slotrizecasino.org\/wp-content\/uploads\/2026\/02\/welcome-crown.svg\" alt=\"welcome crown\" width=\"25\" height=\"26\" \/><\/p>\n<\/div>\n<\/div>\n<h2>Opciones de acceso m\u00f3vil de SlotRize<\/h2>\n<p>Slotrize utiliza tecnolog\u00eda de aplicaciones web progresivas, lo que b\u00e1sicamente significa que obtienes acceso instant\u00e1neo sin que tu tel\u00e9fono se vea sobrecargado por el peso de una aplicaci\u00f3n enorme.<\/p>\n<p>Las actualizaciones se realizan en segundo plano mientras usted hace otras cosas. Los parches de seguridad se instalan autom\u00e1ticamente. Su experiencia de juego en Slot Rize sigue siendo fluida, independientemente de si tiene el \u00faltimo modelo de tel\u00e9fono o uno que lleva varios a\u00f1os utilizando.<\/p>\n<p>Todo se sincroniza autom\u00e1ticamente entre tus dispositivos. Empieza a jugar en tu ordenador port\u00e1til durante la pausa para comer, saca tu tel\u00e9fono en el tren de vuelta a casa y seguir\u00e1s justo donde lo dejaste. Slotrize Casino se encarga de toda esa sincronizaci\u00f3n de forma invisible para que puedas centrarte en jugar en lugar de gestionar detalles t\u00e9cnicos.<\/p>\n<p>Encontrar juegos tampoco requiere una b\u00fasqueda del tesoro. La biblioteca tiene sentido desde el momento en que la abres. Tus tragamonedas online favoritas aparecen r\u00e1pidamente. Las notificaciones push te informan de las nuevas promociones y, cuando algo va mal, el equipo de asistencia de la aplicaci\u00f3n Slotrize responde a trav\u00e9s del chat en vivo con bastante rapidez, para que no tengas que esperar durante horas.<\/p>\n<p><div class=\"scrollable-content-wrap my-5\"><div class=\"scrollable-content-inner\"><h2>Aplicaci\u00f3n Slotrize para iOS<\/h2>\n<p>iOS cuenta con la aplicaci\u00f3n web progresiva, lo que ofrece a los usuarios de iPhone y iPad una experiencia completa. La instalaci\u00f3n sigue un patr\u00f3n sencillo. En el sitio web de Slotrize Casino, busca el bot\u00f3n \u00abAplicaci\u00f3n del casino\u00bb y sigue unas sencillas instrucciones para colocar el icono en tu pantalla de inicio. Se integra perfectamente con iOS: las notificaciones push funcionan como es debido, Face ID o Touch ID gestionan la seguridad de tu inicio de sesi\u00f3n en Slot Rize y todo se adapta correctamente.<\/p>\n<p>Una vez instalada, la aplicaci\u00f3n Slotrize se carga r\u00e1pidamente y permite pasar de un juego a otro con fluidez. Puedes completar el proceso de verificaci\u00f3n \u00edntegramente en el m\u00f3vil, gestionando la configuraci\u00f3n de la cuenta, los dep\u00f3sitos y la confirmaci\u00f3n de identidad sin necesidad de cambiar al ordenador. Tanto los juegos con dinero real como el modo demo funcionan exactamente igual que la versi\u00f3n de escritorio, solo que est\u00e1n adaptados a los controles t\u00e1ctiles y a las pantallas m\u00e1s peque\u00f1as.<\/p>\n<p><img loading=\"lazy\" decoding=\"async\" src=\"https:\/\/slotrizecasino.org\/wp-content\/uploads\/2026\/02\/Slotrize-iOS-1024x440.webp\" alt=\"Slotrize iOS\" width=\"1248\" height=\"536\" \/><\/p>\n<\/div><\/div><div style=\"clear: both\"><\/div><div class=\"d-flex justify-content-center\"><button data-item=\"decouvrez_link\" data-group=\"website_links\" class=\"goto fw-bold rounded-pill btn btn-orange\" aria-label=\"Descarga la aplicaci\u00f3n Slotrize\" >Descarga la aplicaci\u00f3n Slotrize<\/button><\/div><div class=\"scrollable-content-wrap my-5\"><div class=\"scrollable-content-inner\"><h2>Aplicaci\u00f3n Slotrize para Android<\/h2>\n<p>Los usuarios de Android pueden descargar Slotrize a trav\u00e9s de una configuraci\u00f3n de aplicaci\u00f3n web progresiva. Tarda unos dos minutos, quiz\u00e1 menos si eres r\u00e1pido:<\/p>\n<ol>\n<li>En el sitio web de Slotrize Casino, busca el bot\u00f3n \u00abAplicaci\u00f3n del casino\u00bb.<\/li>\n<li>Pulsa el mensaje de instalaci\u00f3n y acepta cuando tu tel\u00e9fono te pida permiso.<\/li>\n<li>El icono de la aplicaci\u00f3n Slotrize aparecer\u00e1 en tu pantalla de inicio junto al resto de aplicaciones.<\/li>\n<\/ol>\n<p>Una vez que el icono est\u00e9 ah\u00ed, al pulsarlo se abrir\u00e1 el casino m\u00f3vil al instante. Tendr\u00e1s acceso al cat\u00e1logo completo de juegos, a todas las promociones que ofrecemos y a todas las opciones bancarias. Incluso los dispositivos de gama media lo manejan bien, ya que hemos dado prioridad al rendimiento sobre las animaciones llamativas.<\/p>\n<p>Slotrize Casino omite deliberadamente el m\u00e9todo de distribuci\u00f3n APK. Los APK consumen mucho m\u00e1s espacio que las PWA porque agrupan todo en un solo paquete. La PWA carga los recursos seg\u00fan sea necesario, lo que mantiene libre el almacenamiento de tu tel\u00e9fono para las cosas que t\u00fa quieras.<\/p>\n<p><img loading=\"lazy\" decoding=\"async\" src=\"https:\/\/slotrizecasino.org\/wp-content\/uploads\/2026\/02\/Slotrize-Android-1024x440.webp\" alt=\"Slotrize Android\" width=\"1248\" height=\"536\" \/><\/p>\n<\/div><\/div><div style=\"clear: both\"><\/div><div class=\"d-flex justify-content-center\"><button data-item=\"decouvrez_link\" data-group=\"website_links\" class=\"goto fw-bold rounded-pill btn btn-orange\" aria-label=\"Descarga la aplicaci\u00f3n Slotrize\" >Descarga la aplicaci\u00f3n Slotrize<\/button><\/div><div class=\"scrollable-content-wrap my-5\"><div class=\"scrollable-content-inner\"><h2>Aplicaciones para Windows y Mac<\/h2>\n<p>A veces, el tel\u00e9fono no es suficiente y se quiere disfrutar de la experiencia de un monitor de tama\u00f1o completo. La versi\u00f3n de escritorio de Slotrize se ejecuta a trav\u00e9s de navegadores web normales (Chrome, Firefox, Safari, Edge, el que tengas) sin necesidad de descargar software especial ni pasar por el proceso de instalaci\u00f3n. Visita el sitio, inicia sesi\u00f3n y estar\u00e1s jugando en cuesti\u00f3n de segundos.<\/p>\n<p>Crear un acceso directo de Slotrize Casino en el escritorio agiliza a\u00fan m\u00e1s las cosas si eres de los que juegan con regularidad. Con un solo clic, acceder\u00e1s directamente a tu cuenta, con los juegos y las funciones listos para usar. La plataforma de escritorio se comunica autom\u00e1ticamente con la versi\u00f3n m\u00f3vil, lo que mantiene una experiencia de juego consistente, independientemente del dispositivo que est\u00e9s utilizando en cada momento.<\/p>\n<table>\n<tbody>\n<tr>\n<td>Plataforma<\/td>\n<td>M\u00e9todo de instalaci\u00f3n<\/td>\n<td>Impacto en el almacenamiento<\/td>\n<td>Proceso de actualizaci\u00f3n<\/td>\n<td>Ventaja clave<\/td>\n<\/tr>\n<tr>\n<td>iOS (iPhone\/iPad)<\/td>\n<td>PWA a trav\u00e9s de Safari<\/td>\n<td>M\u00ednimo: los recursos se cargan seg\u00fan sea necesario<\/td>\n<td>Autom\u00e1tico por parte del servidor<\/td>\n<td>Se integra perfectamente con Face ID\/Touch ID<\/td>\n<\/tr>\n<tr>\n<td>Android<\/td>\n<td>PWA a trav\u00e9s de Chrome\/navegador<\/td>\n<td>M\u00ednimo: sin archivos grandes de la aplicaci\u00f3n Slotrize<\/td>\n<td>Autom\u00e1tico del lado del servidor<\/td>\n<td>Evita por completo las restricciones de Play Store<\/td>\n<\/tr>\n<tr>\n<td>Windows<\/td>\n<td>Basado en navegador (sin instalaci\u00f3n)<\/td>\n<td>Ninguno: se ejecuta en el navegador<\/td>\n<td>Autom\u00e1tico del lado del servidor<\/td>\n<td>Funciona de forma id\u00e9ntica en todas las versiones de Windows<\/td>\n<\/tr>\n<tr>\n<td>Mac<\/td>\n<td>Basado en navegador (sin instalaci\u00f3n)<\/td>\n<td>Ninguno: se ejecuta en el navegador<\/td>\n<td>Autom\u00e1tico del lado del servidor<\/td>\n<td>Integraci\u00f3n nativa con Safari para un rendimiento \u00f3ptimo<\/td>\n<\/tr>\n<\/tbody>\n<\/table>\n<p><img loading=\"lazy\" decoding=\"async\" src=\"https:\/\/slotrizecasino.org\/wp-content\/uploads\/2026\/02\/Slotrize-Desktop-1024x440.webp\" alt=\"Slotrize Desktop\" width=\"1248\" height=\"536\" \/><\/p>\n<\/div><\/div><div style=\"clear: both\"><\/div><div class=\"d-flex justify-content-center\"><button data-item=\"decouvrez_link\" data-group=\"website_links\" class=\"goto fw-bold rounded-pill btn btn-orange\" aria-label=\"Descarga la aplicaci\u00f3n Slotrize\" >Descarga la aplicaci\u00f3n Slotrize<\/button><\/div><div class=\"scrollable-content-wrap my-5\"><div class=\"scrollable-content-inner\"><h2>Preguntas frecuentes<\/h2>\n<h3>\u00bfEs necesario crear una cuenta para utilizar la aplicaci\u00f3n Slot Rize?<\/h3>\n<p>Necesitas una cuenta para acceder a la aplicaci\u00f3n completa de Slotrize y jugar con dinero real. El registro tarda unos tres minutos: introduce tu correo electr\u00f3nico, crea una contrase\u00f1a, a\u00f1ade algunos datos personales b\u00e1sicos y ya est\u00e1. Una vez que tengas tu cuenta, inicia sesi\u00f3n desde cualquier dispositivo y todo se sincronizar\u00e1 autom\u00e1ticamente. Algunos juegos te permiten probar los modos de demostraci\u00f3n sin iniciar sesi\u00f3n, pero cualquier cosa que implique dinero real, reclamar bonificaciones o realizar un seguimiento de tu progreso requiere que inicies sesi\u00f3n en tu cuenta.<\/p>\n<h3>\u00bfLa aplicaci\u00f3n Slot Rize Casino ofrece atenci\u00f3n al cliente?<\/h3>\n<p>El equipo de atenci\u00f3n al cliente est\u00e1 disponible directamente a trav\u00e9s de la aplicaci\u00f3n mediante un chat en vivo, por lo que no tendr\u00e1s que buscar en las p\u00e1ginas de contacto ni cambiar a un navegador cuando surjan problemas. El chat en vivo responde con bastante rapidez, mucho m\u00e1s r\u00e1pido que los intercambios de correos electr\u00f3nicos. Si tienes problemas t\u00e9cnicos, dudas sobre el proceso de verificaci\u00f3n, problemas con los dep\u00f3sitos o simplemente no entiendes c\u00f3mo funciona algo, el servicio de atenci\u00f3n al cliente multiling\u00fce se encarga de ello a trav\u00e9s de la misma interfaz que ya est\u00e1s utilizando. No es necesario que abandones tu juego ni que te alejes de lo que est\u00e1s haciendo.<\/p>\n<h3>\u00bfC\u00f3mo se actualiza la aplicaci\u00f3n Slotrize Casino?<\/h3>\n<p>Las actualizaciones se realizan autom\u00e1ticamente con la aplicaci\u00f3n web progresiva. Slotrize Casino env\u00eda las actualizaciones desde nuestros servidores, por lo que la pr\u00f3xima vez que abras la aplicaci\u00f3n, ya estar\u00e1s ejecutando la \u00faltima versi\u00f3n. No hay que descargar nada, no hay que esperar aprobaciones de la tienda de aplicaciones, ni notificaciones que te molesten para instalar algo. Simplemente se mantiene actualizada autom\u00e1ticamente mientras t\u00fa est\u00e1s ocupado haciendo cualquier otra cosa.<\/p>\n<\/div><\/div><\/p>\n","protected":false},"excerpt":{"rendered":"<p>Slot Rize en dispositivos m\u00f3viles Slotrize App es una plataforma de casino m\u00f3vil que te da acceso a miles de tragamonedas en l\u00ednea, juegos con crupier en vivo y todo lo dem\u00e1s sin que sientas que te est\u00e1s conformando con una versi\u00f3n m\u00f3vil diluida. Los jugadores espa\u00f1oles obtienen lo aut\u00e9ntico, solo que optimizado para cualquier [&hellip;]<\/p>\n","protected":false},"author":11,"featured_media":0,"parent":0,"menu_order":0,"comment_status":"closed","ping_status":"closed","template":"template-builder.php","meta":{"_acf_changed":false,"inline_featured_image":false,"footnotes":""},"class_list":["post-1423","page","type-page","status-publish","hentry"],"acf":[],"yoast_head":"<!-- This site is optimized with the Yoast SEO plugin v24.4 - https:\/\/yoast.com\/wordpress\/plugins\/seo\/ -->\n<title>Slotrize app Descargar | iOS y Android<\/title>\n<meta name=\"description\" content=\"La aplicaci\u00f3n Slotrize garantiza una experiencia de juego impecable en las plataformas Android, iOS, Windows y macOS, con sincronizaci\u00f3n de cuentas, actualizaciones peri\u00f3dicas y asistencia al cliente integrada para facilitar su uso.\" \/>\n<meta name=\"robots\" content=\"index, follow, max-snippet:-1, max-image-preview:large, max-video-preview:-1\" \/>\n<link rel=\"canonical\" href=\"https:\/\/slotrizecasino.org\/es\/aplicacion\/\" \/>\n<meta property=\"og:locale\" content=\"es_ES\" \/>\n<meta property=\"og:type\" content=\"article\" \/>\n<meta property=\"og:title\" content=\"Slotrize app Descargar | iOS y Android\" \/>\n<meta property=\"og:description\" content=\"La aplicaci\u00f3n Slotrize garantiza una experiencia de juego impecable en las plataformas Android, iOS, Windows y macOS, con sincronizaci\u00f3n de cuentas, actualizaciones peri\u00f3dicas y asistencia al cliente integrada para facilitar su uso.\" \/>\n<meta property=\"og:url\" content=\"https:\/\/slotrizecasino.org\/es\/aplicacion\/\" \/>\n<meta property=\"og:site_name\" content=\"Slotrize\" \/>\n<meta property=\"article:modified_time\" content=\"2026-02-09T14:10:30+00:00\" \/>\n<meta name=\"twitter:card\" content=\"summary_large_image\" \/>\n<meta name=\"twitter:label1\" content=\"Est. reading time\" \/>\n\t<meta name=\"twitter:data1\" content=\"2 minutos\" \/>\n<script type=\"application\/ld+json\" class=\"yoast-schema-graph\">{\"@context\":\"https:\/\/schema.org\",\"@graph\":[{\"@type\":\"WebPage\",\"@id\":\"https:\/\/slotrizecasino.org\/es\/aplicacion\/\",\"url\":\"https:\/\/slotrizecasino.org\/es\/aplicacion\/\",\"name\":\"Slotrize app Descargar | iOS y Android\",\"isPartOf\":{\"@id\":\"https:\/\/slotrizecasino.org\/es\/#website\"},\"datePublished\":\"2026-02-06T15:05:04+00:00\",\"dateModified\":\"2026-02-09T14:10:30+00:00\",\"description\":\"La aplicaci\u00f3n Slotrize garantiza una experiencia de juego impecable en las plataformas Android, iOS, Windows y macOS, con sincronizaci\u00f3n de cuentas, actualizaciones peri\u00f3dicas y asistencia al cliente integrada para facilitar su uso.\",\"breadcrumb\":{\"@id\":\"https:\/\/slotrizecasino.org\/es\/aplicacion\/#breadcrumb\"},\"inLanguage\":\"es\",\"potentialAction\":[{\"@type\":\"ReadAction\",\"target\":[\"https:\/\/slotrizecasino.org\/es\/aplicacion\/\"]}]},{\"@type\":\"BreadcrumbList\",\"@id\":\"https:\/\/slotrizecasino.org\/es\/aplicacion\/#breadcrumb\",\"itemListElement\":[{\"@type\":\"ListItem\",\"position\":1,\"name\":\"Slotrize\",\"item\":\"https:\/\/slotrizecasino.org\/es\/\"},{\"@type\":\"ListItem\",\"position\":2,\"name\":\"Aplicaci\u00f3n\"}]},{\"@type\":\"WebSite\",\"@id\":\"https:\/\/slotrizecasino.org\/es\/#website\",\"url\":\"https:\/\/slotrizecasino.org\/es\/\",\"name\":\"Slotrize\",\"description\":\"\",\"publisher\":{\"@id\":\"https:\/\/slotrizecasino.org\/es\/#organization\"},\"potentialAction\":[{\"@type\":\"SearchAction\",\"target\":{\"@type\":\"EntryPoint\",\"urlTemplate\":\"https:\/\/slotrizecasino.org\/es\/?s={search_term_string}\"},\"query-input\":{\"@type\":\"PropertyValueSpecification\",\"valueRequired\":true,\"valueName\":\"search_term_string\"}}],\"inLanguage\":\"es\"},{\"@type\":\"Organization\",\"@id\":\"https:\/\/slotrizecasino.org\/es\/#organization\",\"name\":\"Slotrize\",\"url\":\"https:\/\/slotrizecasino.org\/es\/\",\"logo\":{\"@type\":\"ImageObject\",\"inLanguage\":\"es\",\"@id\":\"https:\/\/slotrizecasino.org\/es\/#\/schema\/logo\/image\/\",\"url\":\"https:\/\/slotrizecasino.org\/wp-content\/uploads\/2026\/02\/Slotrize-logo.svg\",\"contentUrl\":\"https:\/\/slotrizecasino.org\/wp-content\/uploads\/2026\/02\/Slotrize-logo.svg\",\"width\":54,\"height\":27,\"caption\":\"Slotrize\"},\"image\":{\"@id\":\"https:\/\/slotrizecasino.org\/es\/#\/schema\/logo\/image\/\"}}]}<\/script>\n<!-- \/ Yoast SEO plugin. -->","yoast_head_json":{"title":"Slotrize app Descargar | iOS y Android","description":"La aplicaci\u00f3n Slotrize garantiza una experiencia de juego impecable en las plataformas Android, iOS, Windows y macOS, con sincronizaci\u00f3n de cuentas, actualizaciones peri\u00f3dicas y asistencia al cliente integrada para facilitar su uso.","robots":{"index":"index","follow":"follow","max-snippet":"max-snippet:-1","max-image-preview":"max-image-preview:large","max-video-preview":"max-video-preview:-1"},"canonical":"https:\/\/slotrizecasino.org\/es\/aplicacion\/","og_locale":"es_ES","og_type":"article","og_title":"Slotrize app Descargar | iOS y Android","og_description":"La aplicaci\u00f3n Slotrize garantiza una experiencia de juego impecable en las plataformas Android, iOS, Windows y macOS, con sincronizaci\u00f3n de cuentas, actualizaciones peri\u00f3dicas y asistencia al cliente integrada para facilitar su uso.","og_url":"https:\/\/slotrizecasino.org\/es\/aplicacion\/","og_site_name":"Slotrize","article_modified_time":"2026-02-09T14:10:30+00:00","twitter_card":"summary_large_image","twitter_misc":{"Est. reading time":"2 minutos"},"schema":{"@context":"https:\/\/schema.org","@graph":[{"@type":"WebPage","@id":"https:\/\/slotrizecasino.org\/es\/aplicacion\/","url":"https:\/\/slotrizecasino.org\/es\/aplicacion\/","name":"Slotrize app Descargar | iOS y Android","isPartOf":{"@id":"https:\/\/slotrizecasino.org\/es\/#website"},"datePublished":"2026-02-06T15:05:04+00:00","dateModified":"2026-02-09T14:10:30+00:00","description":"La aplicaci\u00f3n Slotrize garantiza una experiencia de juego impecable en las plataformas Android, iOS, Windows y macOS, con sincronizaci\u00f3n de cuentas, actualizaciones peri\u00f3dicas y asistencia al cliente integrada para facilitar su uso.","breadcrumb":{"@id":"https:\/\/slotrizecasino.org\/es\/aplicacion\/#breadcrumb"},"inLanguage":"es","potentialAction":[{"@type":"ReadAction","target":["https:\/\/slotrizecasino.org\/es\/aplicacion\/"]}]},{"@type":"BreadcrumbList","@id":"https:\/\/slotrizecasino.org\/es\/aplicacion\/#breadcrumb","itemListElement":[{"@type":"ListItem","position":1,"name":"Slotrize","item":"https:\/\/slotrizecasino.org\/es\/"},{"@type":"ListItem","position":2,"name":"Aplicaci\u00f3n"}]},{"@type":"WebSite","@id":"https:\/\/slotrizecasino.org\/es\/#website","url":"https:\/\/slotrizecasino.org\/es\/","name":"Slotrize","description":"","publisher":{"@id":"https:\/\/slotrizecasino.org\/es\/#organization"},"potentialAction":[{"@type":"SearchAction","target":{"@type":"EntryPoint","urlTemplate":"https:\/\/slotrizecasino.org\/es\/?s={search_term_string}"},"query-input":{"@type":"PropertyValueSpecification","valueRequired":true,"valueName":"search_term_string"}}],"inLanguage":"es"},{"@type":"Organization","@id":"https:\/\/slotrizecasino.org\/es\/#organization","name":"Slotrize","url":"https:\/\/slotrizecasino.org\/es\/","logo":{"@type":"ImageObject","inLanguage":"es","@id":"https:\/\/slotrizecasino.org\/es\/#\/schema\/logo\/image\/","url":"https:\/\/slotrizecasino.org\/wp-content\/uploads\/2026\/02\/Slotrize-logo.svg","contentUrl":"https:\/\/slotrizecasino.org\/wp-content\/uploads\/2026\/02\/Slotrize-logo.svg","width":54,"height":27,"caption":"Slotrize"},"image":{"@id":"https:\/\/slotrizecasino.org\/es\/#\/schema\/logo\/image\/"}}]}},"_links":{"self":[{"href":"https:\/\/slotrizecasino.org\/es\/wp-json\/wp\/v2\/pages\/1423"}],"collection":[{"href":"https:\/\/slotrizecasino.org\/es\/wp-json\/wp\/v2\/pages"}],"about":[{"href":"https:\/\/slotrizecasino.org\/es\/wp-json\/wp\/v2\/types\/page"}],"author":[{"embeddable":true,"href":"https:\/\/slotrizecasino.org\/es\/wp-json\/wp\/v2\/users\/11"}],"replies":[{"embeddable":true,"href":"https:\/\/slotrizecasino.org\/es\/wp-json\/wp\/v2\/comments?post=1423"}],"version-history":[{"count":3,"href":"https:\/\/slotrizecasino.org\/es\/wp-json\/wp\/v2\/pages\/1423\/revisions"}],"predecessor-version":[{"id":1838,"href":"https:\/\/slotrizecasino.org\/es\/wp-json\/wp\/v2\/pages\/1423\/revisions\/1838"}],"wp:attachment":[{"href":"https:\/\/slotrizecasino.org\/es\/wp-json\/wp\/v2\/media?parent=1423"}],"curies":[{"name":"wp","href":"https:\/\/api.w.org\/{rel}","templated":true}]}}