{"id":1457,"date":"2026-02-09T06:54:01","date_gmt":"2026-02-09T06:54:01","guid":{"rendered":"https:\/\/slotrizecasino.org\/login-and-registration\/"},"modified":"2026-02-09T12:55:48","modified_gmt":"2026-02-09T12:55:48","slug":"anmeldung-und-registrierung","status":"publish","type":"page","link":"https:\/\/slotrizecasino.org\/de\/anmeldung-und-registrierung\/","title":{"rendered":"Anmeldung und Registrierung"},"content":{"rendered":"<h1>Slotrize Anmeldung, Registrierung und Kontoverwaltung<\/h1>\n<p>Das Slotrize Login System ist ganz einfach: Geben Sie Ihre Daten ein, dr\u00fccken Sie die Eingabetaste und schon sind Sie fertig. Sobald Sie den Anmeldebildschirm hinter sich gelassen haben, finden Sie alles, was Sie brauchen: Tausende von Spielen, aktuelle Werbeaktionen, Ihren vollst\u00e4ndigen Transaktionsverlauf und alle Konto-Tools, die Sie ben\u00f6tigen.<\/p>\n<p><div class=\"banner-wrap\" aria-label=\"Banner\"><img src=\"https:\/\/slotrizecasino.org\/wp-content\/uploads\/2026\/02\/Desktop-banner-scaled-1.webp\" class=\"w-100 d-none d-lg-block img-pc main-banner-img\" alt=\"Desktop banner scaled\" fetchpriority=\"high\" decoding=\"async\"><img src=\"https:\/\/slotrizecasino.org\/wp-content\/uploads\/2026\/02\/Mobile-banner.webp\" class=\"w-100 d-none d-md-block d-lg-none main-banner-img\" alt=\"Mobile banner\" fetchpriority=\"high\" decoding=\"async\"><img src=\"https:\/\/slotrizecasino.org\/wp-content\/uploads\/2026\/02\/Mobile-banner.webp\" class=\"w-100 d-md-none\" alt=\"Mobile banner\" fetchpriority=\"high\" decoding=\"async\"><div class=\"banner-description\">\n<div class=\"banner-title\">Willkommensboni<\/div>\n<p class=\"banner-header-title\">1500 \u20ac<\/p>\n<div class=\"banner-header-AdditionalText\">+ 150 Freispiele<\/div>\n<button data-item=\"homepage_banner_link\" class=\"goto m-button m-gradient-border m-button--primary m-button--large banner-button btn-orange\">\n            <div class=\"m-button-content\">\n                <span>Jetzt anmelden<\/span>\n                <span><\/span>\n            <\/div>\n        <\/button>\n<\/div>\n<div class=\"WelcomePack\">\n<p><img loading=\"lazy\" decoding=\"async\" class=\"alignnone size-full wp-image-1339\" src=\"https:\/\/slotrizecasino.org\/wp-content\/uploads\/2026\/02\/welcome-crown.svg\" alt=\"welcome crown\" width=\"25\" height=\"26\" \/><\/p>\n<div class=\"WelcomePack-Info\">W\u00f6chentlicher Cashback von bis zu 25 %<\/div>\n<p><img loading=\"lazy\" decoding=\"async\" class=\"alignnone size-full wp-image-1339\" src=\"https:\/\/slotrizecasino.org\/wp-content\/uploads\/2026\/02\/welcome-crown.svg\" alt=\"welcome crown\" width=\"25\" height=\"26\" \/><\/p>\n<\/div>\n<\/div><div class=\"scrollable-content-wrap my-5\"><div class=\"scrollable-content-inner\"><h2>Slot Rize Registrierung f\u00fcr neue Benutzer<\/h2>\n<p>Die Registrierung bei Slotrize schaltet die gesamte Plattform f\u00fcr Sie frei. Danach haben Sie Zugriff auf eine riesige Spielbibliothek, die st\u00e4ndig um neue Slots, Tischspiele und Live-Dealer-Action erweitert wird. Aktionen werden freigeschaltet, Turniere werden verf\u00fcgbar und Sie sammeln ab Ihrer ersten Wette Treuepunkte. Slotrize Casino befolgt die Regeln f\u00fcr verantwortungsbewusstes Spielen, daher m\u00fcssen Sie mindestens 18 Jahre alt sein, um sich anzumelden \u2013 was auf jeder seri\u00f6sen Plattform Standard ist.<\/p>\n<h3>Erstellen Sie Ihr Konto<\/h3>\n<p>Die Einrichtung bei Slotrize dauert etwa so lange wie die Bestellung eines Kaffees. Bei Slot Rize Casino bitten wir Sie um Ihre E-Mail-Adresse, ein Passwort und einige grundlegende pers\u00f6nliche Angaben. Sie m\u00fcssen keine umfangreichen Formulare ausf\u00fcllen und es gibt keine seltsamen Verifizierungsh\u00fcrden zu \u00fcberwinden.<\/p>\n<p>Ihr Konto verf\u00fcgt \u00fcber Tools, mit denen Sie pers\u00f6nliche Spiellimits festlegen, Ihre Ausgaben verfolgen und verantwortungsbewusste Spielfunktionen nutzen k\u00f6nnen, die Ihnen helfen, alles im Rahmen zu halten. Das Dashboard fasst alles logisch zusammen.<\/p>\n<h2>Verwalten eines Slotrize-Kontos<\/h2>\n<p>Die Anmeldung bei Slotrize folgt dem \u00fcblichen Muster:<\/p>\n<ol>\n<li>Suchen Sie das Anmeldefeld oben rechts auf der Homepage.<\/li>\n<li>Geben Sie Ihre registrierte E-Mail-Adresse und Ihr Passwort ein und achten Sie dabei auf Tippfehler, da diese Ihren Slotrize-Anmeldeversuch nat\u00fcrlich zunichte machen w\u00fcrden.<\/li>\n<li>Klicken Sie auf die Anmeldeschaltfl\u00e4che.<\/li>\n<\/ol>\n<p>Nachdem Sie sich erfolgreich bei Slot Rize angemeldet haben, werden alle Informationen \u00fcbersichtlich auf dem Dashboard angezeigt. Einzahlungsoptionen, Ihre Bonus-Historie, ausstehende Auszahlungen, Spiellimits und Transaktionsaufzeichnungen sind alle in \u00fcbersichtlichen Bereichen angeordnet. Wenn Sie zus\u00e4tzliche Sicherheit w\u00fcnschen, steht Ihnen eine Zwei-Faktor-Authentifizierung zur Verf\u00fcgung.<\/p>\n<h3>Passwort vergessen?<\/h3>\n<p>Wenn Sie Ihr Passwort vergessen haben, klicken Sie einfach auf die Schaltfl\u00e4che \u201ePasswort vergessen?\u201c und folgen Sie den Schritten zur Wiederherstellung. Sie erhalten eine E-Mail zum Zur\u00fccksetzen Ihres Passworts. Klicken Sie auf den Link und w\u00e4hlen Sie ein neues Passwort. W\u00e4hlen Sie ein sicheres Passwort, das Buchstaben, Zahlen und Sonderzeichen enth\u00e4lt. Der gesamte Vorgang dauert von Anfang bis Ende etwa drei bis f\u00fcnf Minuten. Sobald Sie das neue Passwort festgelegt haben, k\u00f6nnen Sie sich sofort mit den neuen Anmeldedaten anmelden.<\/p>\n<h3>Slotrize Casino-Kontoverifizierung und Sicherheitsma\u00dfnahmen<\/h3>\n<p>Bevor Slot Rize Auszahlungen bearbeitet, m\u00fcssen wir Ihr Konto verifizieren. Dazu m\u00fcssen Sie uns offizielle Dokumente zusenden, die Ihre Identit\u00e4t, Ihr Alter und Ihren Wohnort best\u00e4tigen. Ein amtlicher Ausweis deckt den Teil der Identit\u00e4t ab. Eine aktuelle Stromrechnung oder ein Kontoauszug dient zur Best\u00e4tigung Ihrer Adresse.<\/p>\n<p>Die Dokumente m\u00fcssen lesbar, unver\u00e4ndert und aktuell sein. Sie k\u00f6nnen einzelne Transaktionen und Ihren Kontostand ausblenden \u2013 Slotrize Casino ben\u00f6tigt lediglich Ihren Namen und Ihre Adresse. Der Verifizierungsprozess ist in der Regel innerhalb von 48 Stunden abgeschlossen, sobald Sie alle Unterlagen eingereicht haben. Das Support-Team f\u00fchrt diese \u00dcberpr\u00fcfungen mit mehrsprachiger Unterst\u00fctzung durch, sodass Sprachunterschiede den Prozess nicht verlangsamen.<\/p>\n<p>Wenn die \u00dcberpr\u00fcfung l\u00e4nger dauert als erwartet oder Sie sich fragen, was gerade passiert, erhalten Sie \u00fcber den Live-Chat oder per E-Mail schnell konkrete Antworten. Diese ganze \u00dcberpr\u00fcfung ist aufgrund gesetzlicher Anforderungen und zum Schutz Ihres Kontos vor betr\u00fcgerischen Abhebungen erforderlich. Die Konto\u00fcberpr\u00fcfung ist nicht die einzige Sicherheitsma\u00dfnahme, die Slotrize einsetzt.<\/p>\n<table>\n<tbody>\n<tr>\n<td>Sicherheitsfunktion<\/td>\n<td>Was sie bewirkt<\/td>\n<\/tr>\n<tr>\n<td>Zwei-Faktor-Authentifizierung<\/td>\n<td>Bei der Anmeldung bei Slotrize m\u00fcssen Sie einen zweiten Code eingeben, der an Ihr Telefon oder Ihre E-Mail-Adresse gesendet wird.<\/td>\n<\/tr>\n<tr>\n<td>Dokumenten\u00fcberpr\u00fcfung<\/td>\n<td>Best\u00e4tigt Ihre Identit\u00e4t anhand offizieller Dokumente, bevor Auszahlungen genehmigt werden.<\/td>\n<\/tr>\n<tr>\n<td>Aktivit\u00e4ts\u00fcberwachung<\/td>\n<td>Beobachtet Ihre Anmeldemuster und markiert automatisch alles, was ungew\u00f6hnlich erscheint.<\/td>\n<\/tr>\n<\/tbody>\n<\/table>\n<h2>FAQ<\/h2>\n<h3>Wie aktualisiere ich mein Passwort oder meine E-Mail-Adresse?<\/h3>\n<p>Das \u00c4ndern Ihres Passworts oder Ihrer E-Mail-Adresse erfolgt \u00fcber Ihre Kontoeinstellungen, die Sie nach der Anmeldung bei Slotrize finden. Gehen Sie zu Ihrem Profil oder zum Bereich Kontoverwaltung \u2013 dieser ist in der Regel im Dashboard-Men\u00fc deutlich gekennzeichnet. Um Ihr Passwort zu \u00e4ndern, m\u00fcssen Sie zun\u00e4chst Ihr aktuelles Passwort eingeben und dann zweimal Ihr neues Passwort eingeben, um zu best\u00e4tigen, dass Sie sich nicht vertippt haben. W\u00e4hlen Sie ein sicheres Passwort, das Sie nicht auch auf zehn anderen Websites verwenden.<\/p>\n<p>Die Aktualisierung Ihrer E-Mail-Adresse erfolgt auf \u00e4hnliche Weise \u00fcber die Kontoeinstellungen. Geben Sie die neue E-Mail-Adresse ein, und Slotrize Casino sendet einen Best\u00e4tigungslink an diese Adresse, um zu \u00fcberpr\u00fcfen, ob Sie tats\u00e4chlich der Eigent\u00fcmer sind. Klicken Sie auf diesen Link, und die \u00c4nderung wird \u00fcbernommen.<\/p>\n<h3>Was soll ich tun, wenn mein Konto gesperrt ist?<\/h3>\n<p>Keine Panik! Wenden Sie sich \u00fcber den Live-Chat an den Kundendienst, sofern Sie darauf zugreifen k\u00f6nnen, oder senden Sie eine E-Mail an unsere Support-Adresse, wenn der Live-Chat w\u00e4hrend der Sperrung nicht verf\u00fcgbar ist.<\/p>\n<p>Das Support-Team wird Sie bitten, Ihre Identit\u00e4t zu best\u00e4tigen \u2013 wahrscheinlich durch einige Sicherheitsfragen zu Ihrem Konto und m\u00f6glicherweise durch die Anforderung von Dokumenten, wenn die Sperrung mit dem Verifizierungsprozess zusammenh\u00e4ngt. Sobald das Team best\u00e4tigt hat, dass Sie tats\u00e4chlich Sie selbst sind und nicht jemand, der versucht, in Ihr Konto einzudringen, wird es untersuchen, was die Sperrung ausgel\u00f6st hat, und Ihren Zugang wiederherstellen.<\/p>\n<\/div><\/div><\/p>\n","protected":false},"excerpt":{"rendered":"<p>Slotrize Anmeldung, Registrierung und Kontoverwaltung Das Slotrize Login System ist ganz einfach: Geben Sie Ihre Daten ein, dr\u00fccken Sie die Eingabetaste und schon sind Sie fertig. Sobald Sie den Anmeldebildschirm hinter sich gelassen haben, finden Sie alles, was Sie brauchen: Tausende von Spielen, aktuelle Werbeaktionen, Ihren vollst\u00e4ndigen Transaktionsverlauf und alle Konto-Tools, die Sie ben\u00f6tigen.<\/p>\n","protected":false},"author":11,"featured_media":0,"parent":0,"menu_order":0,"comment_status":"closed","ping_status":"closed","template":"template-builder.php","meta":{"_acf_changed":false,"inline_featured_image":false,"footnotes":""},"class_list":["post-1457","page","type-page","status-publish","hentry"],"acf":[],"yoast_head":"<!-- This site is optimized with the Yoast SEO plugin v24.4 - https:\/\/yoast.com\/wordpress\/plugins\/seo\/ -->\n<title>Slotrize-Login \u2013 Registrieren und Konto verwalten<\/title>\n<meta name=\"description\" content=\"Erstellen, verwalten und \u00fcberpr\u00fcfen Sie Ihr Slotrize Casino-Konto ganz einfach mit schneller Registrierung, nahtloser Kontowiederherstellung und sicherer Kontoschlie\u00dfung, die Ihnen rund um die Uhr Schutz durch Slotrize Login gew\u00e4hrleistet.\" \/>\n<meta name=\"robots\" content=\"index, follow, max-snippet:-1, max-image-preview:large, max-video-preview:-1\" \/>\n<link rel=\"canonical\" href=\"https:\/\/slotrizecasino.org\/de\/anmeldung-und-registrierung\/\" \/>\n<meta property=\"og:locale\" content=\"de_DE\" \/>\n<meta property=\"og:type\" content=\"article\" \/>\n<meta property=\"og:title\" content=\"Slotrize-Login \u2013 Registrieren und Konto verwalten\" \/>\n<meta property=\"og:description\" content=\"Erstellen, verwalten und \u00fcberpr\u00fcfen Sie Ihr Slotrize Casino-Konto ganz einfach mit schneller Registrierung, nahtloser Kontowiederherstellung und sicherer Kontoschlie\u00dfung, die Ihnen rund um die Uhr Schutz durch Slotrize Login gew\u00e4hrleistet.\" \/>\n<meta property=\"og:url\" content=\"https:\/\/slotrizecasino.org\/de\/anmeldung-und-registrierung\/\" \/>\n<meta property=\"og:site_name\" content=\"Slotrize\" \/>\n<meta property=\"article:modified_time\" content=\"2026-02-09T12:55:48+00:00\" \/>\n<meta name=\"twitter:card\" content=\"summary_large_image\" \/>\n<meta name=\"twitter:label1\" content=\"Gesch\u00e4tzte Lesezeit\" \/>\n\t<meta name=\"twitter:data1\" content=\"1\u00a0Minute\" \/>\n<script type=\"application\/ld+json\" class=\"yoast-schema-graph\">{\"@context\":\"https:\/\/schema.org\",\"@graph\":[{\"@type\":\"WebPage\",\"@id\":\"https:\/\/slotrizecasino.org\/de\/anmeldung-und-registrierung\/\",\"url\":\"https:\/\/slotrizecasino.org\/de\/anmeldung-und-registrierung\/\",\"name\":\"Slotrize-Login \u2013 Registrieren und Konto verwalten\",\"isPartOf\":{\"@id\":\"https:\/\/slotrizecasino.org\/de\/#website\"},\"datePublished\":\"2026-02-09T06:54:01+00:00\",\"dateModified\":\"2026-02-09T12:55:48+00:00\",\"description\":\"Erstellen, verwalten und \u00fcberpr\u00fcfen Sie Ihr Slotrize Casino-Konto ganz einfach mit schneller Registrierung, nahtloser Kontowiederherstellung und sicherer Kontoschlie\u00dfung, die Ihnen rund um die Uhr Schutz durch Slotrize Login gew\u00e4hrleistet.\",\"breadcrumb\":{\"@id\":\"https:\/\/slotrizecasino.org\/de\/anmeldung-und-registrierung\/#breadcrumb\"},\"inLanguage\":\"de\",\"potentialAction\":[{\"@type\":\"ReadAction\",\"target\":[\"https:\/\/slotrizecasino.org\/de\/anmeldung-und-registrierung\/\"]}]},{\"@type\":\"BreadcrumbList\",\"@id\":\"https:\/\/slotrizecasino.org\/de\/anmeldung-und-registrierung\/#breadcrumb\",\"itemListElement\":[{\"@type\":\"ListItem\",\"position\":1,\"name\":\"Slotrize\",\"item\":\"https:\/\/slotrizecasino.org\/de\/\"},{\"@type\":\"ListItem\",\"position\":2,\"name\":\"Anmeldung und Registrierung\"}]},{\"@type\":\"WebSite\",\"@id\":\"https:\/\/slotrizecasino.org\/de\/#website\",\"url\":\"https:\/\/slotrizecasino.org\/de\/\",\"name\":\"Slotrize\",\"description\":\"\",\"publisher\":{\"@id\":\"https:\/\/slotrizecasino.org\/de\/#organization\"},\"potentialAction\":[{\"@type\":\"SearchAction\",\"target\":{\"@type\":\"EntryPoint\",\"urlTemplate\":\"https:\/\/slotrizecasino.org\/de\/?s={search_term_string}\"},\"query-input\":{\"@type\":\"PropertyValueSpecification\",\"valueRequired\":true,\"valueName\":\"search_term_string\"}}],\"inLanguage\":\"de\"},{\"@type\":\"Organization\",\"@id\":\"https:\/\/slotrizecasino.org\/de\/#organization\",\"name\":\"Slotrize\",\"url\":\"https:\/\/slotrizecasino.org\/de\/\",\"logo\":{\"@type\":\"ImageObject\",\"inLanguage\":\"de\",\"@id\":\"https:\/\/slotrizecasino.org\/de\/#\/schema\/logo\/image\/\",\"url\":\"https:\/\/slotrizecasino.org\/wp-content\/uploads\/2026\/02\/Slotrize-logo.svg\",\"contentUrl\":\"https:\/\/slotrizecasino.org\/wp-content\/uploads\/2026\/02\/Slotrize-logo.svg\",\"width\":54,\"height\":27,\"caption\":\"Slotrize\"},\"image\":{\"@id\":\"https:\/\/slotrizecasino.org\/de\/#\/schema\/logo\/image\/\"}}]}<\/script>\n<!-- \/ Yoast SEO plugin. -->","yoast_head_json":{"title":"Slotrize-Login \u2013 Registrieren und Konto verwalten","description":"Erstellen, verwalten und \u00fcberpr\u00fcfen Sie Ihr Slotrize Casino-Konto ganz einfach mit schneller Registrierung, nahtloser Kontowiederherstellung und sicherer Kontoschlie\u00dfung, die Ihnen rund um die Uhr Schutz durch Slotrize Login gew\u00e4hrleistet.","robots":{"index":"index","follow":"follow","max-snippet":"max-snippet:-1","max-image-preview":"max-image-preview:large","max-video-preview":"max-video-preview:-1"},"canonical":"https:\/\/slotrizecasino.org\/de\/anmeldung-und-registrierung\/","og_locale":"de_DE","og_type":"article","og_title":"Slotrize-Login \u2013 Registrieren und Konto verwalten","og_description":"Erstellen, verwalten und \u00fcberpr\u00fcfen Sie Ihr Slotrize Casino-Konto ganz einfach mit schneller Registrierung, nahtloser Kontowiederherstellung und sicherer Kontoschlie\u00dfung, die Ihnen rund um die Uhr Schutz durch Slotrize Login gew\u00e4hrleistet.","og_url":"https:\/\/slotrizecasino.org\/de\/anmeldung-und-registrierung\/","og_site_name":"Slotrize","article_modified_time":"2026-02-09T12:55:48+00:00","twitter_card":"summary_large_image","twitter_misc":{"Gesch\u00e4tzte Lesezeit":"1\u00a0Minute"},"schema":{"@context":"https:\/\/schema.org","@graph":[{"@type":"WebPage","@id":"https:\/\/slotrizecasino.org\/de\/anmeldung-und-registrierung\/","url":"https:\/\/slotrizecasino.org\/de\/anmeldung-und-registrierung\/","name":"Slotrize-Login \u2013 Registrieren und Konto verwalten","isPartOf":{"@id":"https:\/\/slotrizecasino.org\/de\/#website"},"datePublished":"2026-02-09T06:54:01+00:00","dateModified":"2026-02-09T12:55:48+00:00","description":"Erstellen, verwalten und \u00fcberpr\u00fcfen Sie Ihr Slotrize Casino-Konto ganz einfach mit schneller Registrierung, nahtloser Kontowiederherstellung und sicherer Kontoschlie\u00dfung, die Ihnen rund um die Uhr Schutz durch Slotrize Login gew\u00e4hrleistet.","breadcrumb":{"@id":"https:\/\/slotrizecasino.org\/de\/anmeldung-und-registrierung\/#breadcrumb"},"inLanguage":"de","potentialAction":[{"@type":"ReadAction","target":["https:\/\/slotrizecasino.org\/de\/anmeldung-und-registrierung\/"]}]},{"@type":"BreadcrumbList","@id":"https:\/\/slotrizecasino.org\/de\/anmeldung-und-registrierung\/#breadcrumb","itemListElement":[{"@type":"ListItem","position":1,"name":"Slotrize","item":"https:\/\/slotrizecasino.org\/de\/"},{"@type":"ListItem","position":2,"name":"Anmeldung und Registrierung"}]},{"@type":"WebSite","@id":"https:\/\/slotrizecasino.org\/de\/#website","url":"https:\/\/slotrizecasino.org\/de\/","name":"Slotrize","description":"","publisher":{"@id":"https:\/\/slotrizecasino.org\/de\/#organization"},"potentialAction":[{"@type":"SearchAction","target":{"@type":"EntryPoint","urlTemplate":"https:\/\/slotrizecasino.org\/de\/?s={search_term_string}"},"query-input":{"@type":"PropertyValueSpecification","valueRequired":true,"valueName":"search_term_string"}}],"inLanguage":"de"},{"@type":"Organization","@id":"https:\/\/slotrizecasino.org\/de\/#organization","name":"Slotrize","url":"https:\/\/slotrizecasino.org\/de\/","logo":{"@type":"ImageObject","inLanguage":"de","@id":"https:\/\/slotrizecasino.org\/de\/#\/schema\/logo\/image\/","url":"https:\/\/slotrizecasino.org\/wp-content\/uploads\/2026\/02\/Slotrize-logo.svg","contentUrl":"https:\/\/slotrizecasino.org\/wp-content\/uploads\/2026\/02\/Slotrize-logo.svg","width":54,"height":27,"caption":"Slotrize"},"image":{"@id":"https:\/\/slotrizecasino.org\/de\/#\/schema\/logo\/image\/"}}]}},"_links":{"self":[{"href":"https:\/\/slotrizecasino.org\/de\/wp-json\/wp\/v2\/pages\/1457"}],"collection":[{"href":"https:\/\/slotrizecasino.org\/de\/wp-json\/wp\/v2\/pages"}],"about":[{"href":"https:\/\/slotrizecasino.org\/de\/wp-json\/wp\/v2\/types\/page"}],"author":[{"embeddable":true,"href":"https:\/\/slotrizecasino.org\/de\/wp-json\/wp\/v2\/users\/11"}],"replies":[{"embeddable":true,"href":"https:\/\/slotrizecasino.org\/de\/wp-json\/wp\/v2\/comments?post=1457"}],"version-history":[{"count":2,"href":"https:\/\/slotrizecasino.org\/de\/wp-json\/wp\/v2\/pages\/1457\/revisions"}],"predecessor-version":[{"id":1486,"href":"https:\/\/slotrizecasino.org\/de\/wp-json\/wp\/v2\/pages\/1457\/revisions\/1486"}],"wp:attachment":[{"href":"https:\/\/slotrizecasino.org\/de\/wp-json\/wp\/v2\/media?parent=1457"}],"curies":[{"name":"wp","href":"https:\/\/api.w.org\/{rel}","templated":true}]}}